{"id":10253,"date":"2019-05-13T11:54:34","date_gmt":"2019-05-13T11:54:34","guid":{"rendered":"http:\/\/cleaningco.themestek2.com\/?page_id=10253"},"modified":"2023-04-12T09:31:16","modified_gmt":"2023-04-12T07:31:16","slug":"oplaty","status":"publish","type":"page","link":"https:\/\/notariusz-warszawski.pl\/index.php\/oplaty\/","title":{"rendered":"Op\u0142aty"},"content":{"rendered":"<p>[vc_row full_width=&#8221;stretch_row&#8221; css=&#8221;.vc_custom_1576795954666{padding-top: 70px !important;padding-bottom: 50px !important;background-position: center !important;background-repeat: no-repeat !important;background-size: cover !important;}&#8221; el_class=&#8221;justify-text-p&#8221;][vc_column]<div class=\"themestek-element-heading-wrapper themestek-heading-inner themestek-element-align-left themestek-seperator-none \"><section class=\"themestek-vc_cta3-container\"><div class=\"themestek-vc_general themestek-vc_cta3 themestek-cta3-only themestek-vc_cta3-style-classic themestek-vc_cta3-shape-rounded themestek-vc_cta3-align-left themestek-vc_cta3-color-transparent themestek-vc_cta3-icon-size-md themestek-vc_cta3-actions-no themestek-cta3-without-desc\"><div class=\"themestek-vc_cta3_content-container\"><div class=\"themestek-vc_cta3-content\"><div class=\"themestek-vc_cta3-content-header themestek-wrap\"><div class=\"themestek-vc_cta3-headers themestek-wrap-cell\"><h2 style=\"font-family:'Domine',Arial,Helvetica;font-weight:400;\" class=\"themestek-custom-heading \" >Op\u0142aty<\/h2>\n<\/div><\/div><\/div><\/div><\/div><\/section><\/div> <!-- .themestek-element-heading-wrapper container --> [vc_column_text]Celem okre\u015blenia dok\u0142adnych koszt\u00f3w czynno\u015bci notarialnych wraz z nale\u017cno\u015bciami podatkowymi i op\u0142atami s\u0105dowymi, zach\u0119camy do <strong>bezpo\u015bredniego kontaktu<\/strong> z kancelari\u0105 \u2013 telefonicznego, b\u0105d\u017a mailowego. Zostaniecie Pa\u0144stwo szczeg\u00f3\u0142owo poinformowani o wszystkich nale\u017cno\u015bciach zwi\u0105zanych z czynno\u015bci\u0105, kt\u00f3r\u0105 chcecie Pa\u0144stwo dokona\u0107.<\/p>\n<p>Nale\u017cy pami\u0119ta\u0107, \u017ce podatki i op\u0142aty s\u0105dowe nie stanowi\u0105 dochodu notariusza, s\u0105 danin\u0105 publiczn\u0105.[\/vc_column_text][\/vc_column][\/vc_row][vc_row themestek_bgcolor=&#8221;skincolor&#8221; full_width=&#8221;stretch_row&#8221; el_class=&#8221;justify-text-p&#8221; css=&#8221;.vc_custom_1576774897626{padding-top: 70px !important;padding-bottom: 50px !important;}&#8221;][vc_column]<div class=\"themestek-element-heading-wrapper themestek-heading-inner themestek-element-align-left themestek-seperator-none  vc_custom_1576796522054 after-withe\"><section class=\"themestek-vc_cta3-container after-withe\"><div class=\"themestek-vc_general themestek-vc_cta3 themestek-cta3-only themestek-vc_cta3-style-classic themestek-vc_cta3-shape-rounded themestek-vc_cta3-align-left themestek-vc_cta3-color-transparent themestek-vc_cta3-icon-size-md themestek-vc_cta3-actions-no themestek-cta3-without-desc\"><div class=\"themestek-vc_cta3_content-container\"><div class=\"themestek-vc_cta3-content\"><div class=\"themestek-vc_cta3-content-header themestek-wrap\"><div class=\"themestek-vc_cta3-headers themestek-wrap-cell\"><h2 style=\"font-family:'Domine',Arial,Helvetica;font-weight:400;\" class=\"themestek-custom-heading \" >Taksa Notarialna<\/h2>\n<\/div><\/div><\/div><\/div><\/div><\/section><\/div> <!-- .themestek-element-heading-wrapper container --> [vc_column_text]Notariuszowi za dokonanie czynno\u015bci notarialnych przys\u0142uguje wynagrodzenie (<strong>taksa notarialna<\/strong>) okre\u015blone na podstawie umowy ze stronami czynno\u015bci, nie wy\u017csze ni\u017c maksymalne stawki taksy notarialnej w\u0142a\u015bciwe dla danej czynno\u015bci. Wynagrodzenie notariusza jest kwot\u0105 netto, do kt\u00f3rej nale\u017cy doliczy\u0107 podatek VAT wed\u0142ug obowi\u0105zuj\u0105cej stawki.<\/p>\n<p>Maksymalne stawki taksy notarialnej reguluje Rozporz\u0105dzeniem Ministra Sprawiedliwo\u015bci z dnia 28 czerwca 2004 r. w sprawie maksymalnych stawek taksy notarialnej (Dz. U. 2013 poz. 237 z p\u00f3\u017a\u0144. zm.) (je\u015bli chcesz zapozna\u0107 si\u0119 z tre\u015bci\u0105 Rozporz\u0105dzenia, <a href=\"http:\/\/prawo.sejm.gov.pl\/isap.nsf\/download.xsp\/WDU20180000272\/O\/D20180272.pdf\">kliknij tutaj<\/a>).<\/p>\n<p>Wysoko\u015b\u0107 taksy notarialnej uzale\u017cniona jest mi\u0119dzy innymi od warto\u015bci przedmiotu czynno\u015bci notarialnej (czyli warto\u015bci nieruchomo\u015bci lub prawa b\u0119d\u0105cego przedmiotem obrotu) czy rodzaju czynno\u015bci jaka ma by\u0107 dokonana.<\/p>\n<p>Podane w Rozporz\u0105dzeniu stawki s\u0105 stawkami maksymalnymi, <strong>mo\u017cliwe jest<\/strong> wi\u0119c <strong>indywidualne ustalenie z notariuszem taksy notarialnej za dan\u0105 czynno\u015b\u0107<\/strong>, po zapoznaniu si\u0119 przez notariusza ze stanem faktycznym oraz dokumentami.[\/vc_column_text][vc_column_text]Wynagrodzenie notariusza wraz z podatkiem VAT mo\u017ce zosta\u0107 uiszczone w got\u00f3wce, przelewem lub kart\u0105 p\u0142atnicz\u0105.[\/vc_column_text][\/vc_column][\/vc_row][vc_row full_width=&#8221;stretch_row&#8221; el_class=&#8221;justify-text-p&#8221; css=&#8221;.vc_custom_1576795981681{padding-top: 70px !important;padding-bottom: 50px !important;}&#8221;][vc_column]<div class=\"themestek-element-heading-wrapper themestek-heading-inner themestek-element-align-left themestek-seperator-none  vc_custom_1576774679271\"><section class=\"themestek-vc_cta3-container\"><div class=\"themestek-vc_general themestek-vc_cta3 themestek-cta3-only themestek-vc_cta3-style-classic themestek-vc_cta3-shape-rounded themestek-vc_cta3-align-left themestek-vc_cta3-color-transparent themestek-vc_cta3-icon-size-md themestek-vc_cta3-actions-no themestek-cta3-without-desc\"><div class=\"themestek-vc_cta3_content-container\"><div class=\"themestek-vc_cta3-content\"><div class=\"themestek-vc_cta3-content-header themestek-wrap\"><div class=\"themestek-vc_cta3-headers themestek-wrap-cell\"><h2 style=\"font-family:'Domine',Arial,Helvetica;font-weight:400;\" class=\"themestek-custom-heading \" >Op\u0142ata s\u0105dowa<\/h2>\n<\/div><\/div><\/div><\/div><\/div><\/section><\/div> <!-- .themestek-element-heading-wrapper container --> [vc_column_text]Je\u017celi akt notarialny zawiera wniosek o wpis w ksi\u0119dze wieczystej, notariusz pobiera od wnioskodawcy op\u0142at\u0119 s\u0105dow\u0105 oraz wskazuje we wniosku o wpis w ksi\u0119dze wieczystej wysoko\u015b\u0107 pobranej op\u0142aty.<\/p>\n<p>Wysoko\u015b\u0107 op\u0142aty s\u0105dowej\u00a0 w sprawach o wpis w ksi\u0119dze wieczystej okre\u015blaj\u0105 art. 42 &#8211; 48 ustawy z dnia 28 lipca 2005 roku o kosztach s\u0105dowych w sprawach cywilnych (je\u015bli chcesz zapozna\u0107 si\u0119 z tre\u015bci\u0105 Ustawy, <a href=\"http:\/\/prawo.sejm.gov.pl\/isap.nsf\/download.xsp\/WDU20051671398\/U\/D20051398Lj.pdf\">kliknij tutaj<\/a>).<\/p>\n<p>Notariusz uzale\u017cnia sporz\u0105dzenie aktu notarialnego od uprzedniego uiszczenia przez wnioskodawc\u0119 nale\u017cnej op\u0142aty s\u0105dowej, co oznacza w praktyce, \u017ce op\u0142ata s\u0105dowa jest wp\u0142acana na rachunek bankowy notariusza przed dokonaniem czynno\u015bci albo got\u00f3wk\u0105 w kancelarii w chwili dokonywania tej czynno\u015bci.<\/p>\n<p>Pobran\u0105 op\u0142at\u0119 s\u0105dow\u0105 notariusz przekazuje w\u0142a\u015bciwemu s\u0105dowi wieczystoksi\u0119gowemu.[\/vc_column_text][\/vc_column][\/vc_row][vc_row themestek_bgcolor=&#8221;skincolor&#8221; full_width=&#8221;stretch_row&#8221; el_class=&#8221;justify-text-p&#8221; css=&#8221;.vc_custom_1576795986962{padding-top: 70px !important;padding-bottom: 50px !important;}&#8221;][vc_column]<div class=\"themestek-element-heading-wrapper themestek-heading-inner themestek-element-align-left themestek-seperator-none  vc_custom_1576774701425\"><section class=\"themestek-vc_cta3-container\"><div class=\"themestek-vc_general themestek-vc_cta3 themestek-cta3-only themestek-vc_cta3-style-classic themestek-vc_cta3-shape-rounded themestek-vc_cta3-align-left themestek-vc_cta3-color-transparent themestek-vc_cta3-icon-size-md themestek-vc_cta3-actions-no themestek-cta3-without-desc\"><div class=\"themestek-vc_cta3_content-container\"><div class=\"themestek-vc_cta3-content\"><div class=\"themestek-vc_cta3-content-header themestek-wrap\"><div class=\"themestek-vc_cta3-headers themestek-wrap-cell\"><h2 style=\"font-family:'Domine',Arial,Helvetica;font-weight:400;\" class=\"themestek-custom-heading \" >Podatek od czynno\u015bci cywilno prawnych<\/h2>\n<\/div><\/div><\/div><\/div><\/div><\/section><\/div> <!-- .themestek-element-heading-wrapper container --> [vc_column_text]Notariusz jest p\u0142atnikiem podatku od czynno\u015bci cywilnoprawnych dokonywanych w formie aktu notarialnego.<\/p>\n<p>Podstawowa stawka <strong>podatku od czynno\u015bci cywilnoprawnych<\/strong> pobierana przez notariusza m.in. w przypadku sprzeda\u017cy nieruchomo\u015bci, rzeczy ruchomych, prawa u\u017cytkowania wieczystego, sp\u00f3\u0142dzielczego w\u0142asno\u015bciowego prawa do lokalu; w przypadku umowy zamiany, umowy o do\u017cywocie \u2013 wynosi 2% od warto\u015bci przedmiotu umowy. Szczeg\u00f3\u0142owe stawki podatku, podstawy opodatkowania przy danej czynno\u015bci, podmioty, na kt\u00f3rych ci\u0105\u017cy obowi\u0105zek podatkowy oraz zwolnienia od podatku okre\u015bla ustawa z dnia 9 wrze\u015bnia 2000 roku o podatku od czynno\u015bci cywilnoprawnych (je\u015bli chcesz zapozna\u0107 si\u0119 z tre\u015bci\u0105 Ustawy, <a href=\"http:\/\/prawo.sejm.gov.pl\/isap.nsf\/download.xsp\/WDU20000860959\/U\/D20000959Lj.pdf\">kliknij tutaj<\/a>).<\/p>\n<p>Notariusz uzale\u017cnia sporz\u0105dzenie aktu notarialnego od uprzedniego uiszczenia przez podatnika nale\u017cnego podatku od czynno\u015bci cywilnoprawnych, co oznacza w praktyce, \u017ce nale\u017cny podatek jest wp\u0142acany na rachunek bankowy notariusza przed dokonaniem czynno\u015bci albo got\u00f3wk\u0105 w kancelarii w chwili dokonywania tej czynno\u015bci.<\/p>\n<p>Pobrany podatek notariusz przekazuje w\u0142a\u015bciwemu urz\u0119du skarbowemu.[\/vc_column_text][\/vc_column][\/vc_row][vc_row el_class=&#8221;justify-text-p&#8221; css=&#8221;.vc_custom_1576796065244{padding-top: 70px !important;padding-bottom: 50px !important;}&#8221;][vc_column]<div class=\"themestek-element-heading-wrapper themestek-heading-inner themestek-element-align-left themestek-seperator-none  vc_custom_1576796022868\"><section class=\"themestek-vc_cta3-container\"><div class=\"themestek-vc_general themestek-vc_cta3 themestek-cta3-only themestek-vc_cta3-style-classic themestek-vc_cta3-shape-rounded themestek-vc_cta3-align-left themestek-vc_cta3-color-transparent themestek-vc_cta3-icon-size-md themestek-vc_cta3-actions-no themestek-cta3-without-desc\"><div class=\"themestek-vc_cta3_content-container\"><div class=\"themestek-vc_cta3-content\"><div class=\"themestek-vc_cta3-content-header themestek-wrap\"><div class=\"themestek-vc_cta3-headers themestek-wrap-cell\"><h2 style=\"font-family:'Domine',Arial,Helvetica;font-weight:400;\" class=\"themestek-custom-heading \" >Podatek od spadk\u00f3w i darowizn<\/h2>\n<\/div><\/div><\/div><\/div><\/div><\/section><\/div> <!-- .themestek-element-heading-wrapper container --> [vc_column_text]Notariusz jest p\u0142atnikiem podatku od spadk\u00f3w i darowizn od umowy darowizny, umowy nieodp\u0142atnego zniesienia wsp\u00f3\u0142w\u0142asno\u015bci b\u0105d\u017a ug\u00f3d zawieranych w tym przedmiocie, umowy nieodp\u0142atnego ustanowienia s\u0142u\u017cebno\u015bci oraz umowy nieodp\u0142atnego ustanowienia u\u017cytkowania.<\/p>\n<p>Szczeg\u00f3\u0142owe stawki podatku, podstawy opodatkowania oraz zwolnienia od podatku okre\u015bla ustawa z dnia 28 lipca 1983 roku o <strong>podatku od spadk\u00f3w i darowizn<\/strong> (je\u015bli chcesz zapozna\u0107 si\u0119 z tre\u015bci\u0105 Ustawy, <a href=\"http:\/\/prawo.sejm.gov.pl\/isap.nsf\/download.xsp\/WDU19830450207\/U\/D19830207Lj.pdf\">kliknij tutaj<\/a>).<\/p>\n<p>Zgodnie z art. 4a ww. ustawy zwalnia si\u0119 od podatku nabycie w\u0142asno\u015bci rzeczy lub praw maj\u0105tkowych przez ma\u0142\u017conka, zst\u0119pnych, wst\u0119pnych, pasierba, rodze\u0144stwo, ojczyma i macoch\u0119. W innych przypadkach wysoko\u015b\u0107 podatku uzale\u017cniona jest od warto\u015bci nabytych rzeczy lub praw oraz stopnia pokrewie\u0144stwa mi\u0119dzy stronami.<\/p>\n<p>Notariusz uzale\u017cnia sporz\u0105dzenie aktu notarialnego od uprzedniego uiszczenia przez podatnika nale\u017cnego podatku od spadk\u00f3w i darowizn, co oznacza w praktyce, \u017ce nale\u017cny podatek jest wp\u0142acany na rachunek bankowy notariusza przed dokonaniem czynno\u015bci albo got\u00f3wk\u0105 w kancelarii w chwili dokonywania tej czynno\u015bci.<\/p>\n<p>Pobrany podatek notariusz przekazuje w\u0142a\u015bciwemu urz\u0119du skarbowemu.[\/vc_column_text][\/vc_column][\/vc_row][vc_row full_width=&#8221;stretch_row&#8221; css=&#8221;.vc_custom_1576796076253{padding-top: 70px !important;padding-bottom: 50px !important;background-color: #f8f8f8 !important;}&#8221;][vc_column]<div class=\"themestek-element-heading-wrapper themestek-heading-inner themestek-element-align-left themestek-seperator-none \"><section class=\"themestek-vc_cta3-container\"><div class=\"themestek-vc_general themestek-vc_cta3 themestek-cta3-only themestek-vc_cta3-style-classic themestek-vc_cta3-shape-rounded themestek-vc_cta3-align-left themestek-vc_cta3-color-transparent themestek-vc_cta3-icon-size-md themestek-vc_cta3-actions-no themestek-cta3-without-desc\"><div class=\"themestek-vc_cta3_content-container\"><div class=\"themestek-vc_cta3-content\"><div class=\"themestek-vc_cta3-content-header themestek-wrap\"><div class=\"themestek-vc_cta3-headers themestek-wrap-cell\"><h2 class=\"themestek-custom-heading \" >Formularz wyceny<\/h2>\n<\/div><\/div><\/div><\/div><\/div><\/section><\/div> <!-- .themestek-element-heading-wrapper container --> \n<div class=\"wpcf7 no-js\" id=\"wpcf7-f11896-o1\" lang=\"en-US\" dir=\"ltr\" data-wpcf7-id=\"11896\">\n<div class=\"screen-reader-response\"><p role=\"status\" aria-live=\"polite\" aria-atomic=\"true\"><\/p> <ul><\/ul><\/div>\n<form action=\"\/index.php\/wp-json\/wp\/v2\/pages\/10253#wpcf7-f11896-o1\" method=\"post\" class=\"wpcf7-form init\" aria-label=\"Contact form\" novalidate=\"novalidate\" data-status=\"init\">\n<fieldset class=\"hidden-fields-container\"><input type=\"hidden\" name=\"_wpcf7\" value=\"11896\" \/><input type=\"hidden\" name=\"_wpcf7_version\" value=\"6.1.3\" \/><input type=\"hidden\" name=\"_wpcf7_locale\" value=\"en_US\" \/><input type=\"hidden\" name=\"_wpcf7_unit_tag\" value=\"wpcf7-f11896-o1\" \/><input type=\"hidden\" name=\"_wpcf7_container_post\" value=\"0\" \/><input type=\"hidden\" name=\"_wpcf7_posted_data_hash\" value=\"\" \/><input type=\"hidden\" name=\"_wpcf7_recaptcha_response\" value=\"\" \/>\n<\/fieldset>\n<div class=\"main-form\">\n\t<div class=\"row\">\n\t\t<div class=\"col-md-6\">\n\t\t\t<div class=\"input-group\">\n\t\t\t\t<p><span class=\"wpcf7-form-control-wrap\" data-name=\"your-name\"><input size=\"40\" maxlength=\"400\" class=\"wpcf7-form-control wpcf7-text wpcf7-validates-as-required\" aria-required=\"true\" aria-invalid=\"false\" placeholder=\"Imi\u0119\" value=\"\" type=\"text\" name=\"your-name\" \/><\/span>\n\t\t\t\t<\/p>\n\t\t\t<\/div>\n\t\t<\/div>\n\t\t<div class=\"col-md-6\">\n\t\t\t<div class=\"input-group\">\n\t\t\t\t<p><span class=\"wpcf7-form-control-wrap\" data-name=\"your-email\"><input size=\"40\" maxlength=\"400\" class=\"wpcf7-form-control wpcf7-text wpcf7-validates-as-required\" aria-required=\"true\" aria-invalid=\"false\" placeholder=\"Email\" value=\"\" type=\"text\" name=\"your-email\" \/><\/span>\n\t\t\t\t<\/p>\n\t\t\t<\/div>\n\t\t<\/div>\n\t\t<div class=\"col-md-6\">\n\t\t\t<div class=\"input-group\">\n\t\t\t\t<p><span class=\"wpcf7-form-control-wrap\" data-name=\"phone\"><input size=\"40\" maxlength=\"400\" class=\"wpcf7-form-control wpcf7-text wpcf7-validates-as-required\" aria-required=\"true\" aria-invalid=\"false\" placeholder=\"Telefon\" value=\"\" type=\"text\" name=\"phone\" \/><\/span>\n\t\t\t\t<\/p>\n\t\t\t<\/div>\n\t\t<\/div>\n\t\t<div class=\"col-md-6\">\n\t\t\t<div class=\"input-group\">\n\t\t\t\t<p><span class=\"wpcf7-form-control-wrap\" data-name=\"temat\"><input size=\"40\" maxlength=\"400\" class=\"wpcf7-form-control wpcf7-text wpcf7-validates-as-required\" aria-required=\"true\" aria-invalid=\"false\" placeholder=\"Temat\" value=\"\" type=\"text\" name=\"temat\" \/><\/span>\n\t\t\t\t<\/p>\n\t\t\t<\/div>\n\t\t<\/div>\n\t\t<div class=\"col-md-12\">\n\t\t\t<div class=\"input-group input-button\">\n\t\t\t\t<p><span class=\"wpcf7-form-control-wrap\" data-name=\"message\"><textarea cols=\"40\" rows=\"4\" maxlength=\"2000\" class=\"wpcf7-form-control wpcf7-textarea\" aria-invalid=\"false\" placeholder=\"Chce uzyska\u0107 informacj\u0119 na temat dost\u0119pno\u015bci i stawek. Potrzebuj\u0119 pomocy w nast\u0119puj\u0105cych sprawach:\" name=\"message\"><\/textarea><\/span>\n\t\t\t\t<\/p>\n\t\t\t<\/div>\n\t\t<\/div>\n\t\t<div class=\"col-md-6\">\n\t\t\t<div class=\"input-group input-button\">\n\t\t\t\t<p><input class=\"wpcf7-form-control wpcf7-submit has-spinner btn-block\" type=\"submit\" value=\"WY\u015aLIJ\" \/>\n\t\t\t\t<\/p>\n\t\t\t<\/div>\n\t\t<\/div>\n\t<\/div>\n<\/div><div class=\"wpcf7-response-output\" aria-hidden=\"true\"><\/div>\n<\/form>\n<\/div>\n[\/vc_column][\/vc_row]<\/p>\n","protected":false},"excerpt":{"rendered":"<p>[vc_row full_width=&#8221;stretch_row&#8221; css=&#8221;.vc_custom_1576795954666{padding-top: 70px !important;padding-bottom: 50px !important;background-position: center !important;background-repeat: no-repeat !important;background-size: cover !important;}&#8221; el_class=&#8221;justify-text-p&#8221;][vc_column][vc_column_text]Celem okre\u015blenia dok\u0142adnych koszt\u00f3w czynno\u015bci notarialnych wraz z nale\u017cno\u015bciami podatkowymi i op\u0142atami s\u0105dowymi, zach\u0119camy do bezpo\u015bredniego kontaktu z kancelari\u0105 \u2013 telefonicznego, b\u0105d\u017a mailowego. Zostaniecie Pa\u0144stwo szczeg\u00f3\u0142owo poinformowani o wszystkich nale\u017cno\u015bciach zwi\u0105zanych z czynno\u015bci\u0105, kt\u00f3r\u0105 chcecie Pa\u0144stwo dokona\u0107. Nale\u017cy pami\u0119ta\u0107, \u017ce podatki i &hellip; <a href=\"https:\/\/notariusz-warszawski.pl\/index.php\/oplaty\/\" class=\"more-link\">Continue reading <span class=\"screen-reader-text\">Op\u0142aty<\/span><\/a><\/p>\n","protected":false},"author":1,"featured_media":0,"parent":0,"menu_order":5,"comment_status":"closed","ping_status":"closed","template":"","meta":{"footnotes":""},"class_list":["post-10253","page","type-page","status-publish","hentry"],"_links":{"self":[{"href":"https:\/\/notariusz-warszawski.pl\/index.php\/wp-json\/wp\/v2\/pages\/10253","targetHints":{"allow":["GET"]}}],"collection":[{"href":"https:\/\/notariusz-warszawski.pl\/index.php\/wp-json\/wp\/v2\/pages"}],"about":[{"href":"https:\/\/notariusz-warszawski.pl\/index.php\/wp-json\/wp\/v2\/types\/page"}],"author":[{"embeddable":true,"href":"https:\/\/notariusz-warszawski.pl\/index.php\/wp-json\/wp\/v2\/users\/1"}],"replies":[{"embeddable":true,"href":"https:\/\/notariusz-warszawski.pl\/index.php\/wp-json\/wp\/v2\/comments?post=10253"}],"version-history":[{"count":0,"href":"https:\/\/notariusz-warszawski.pl\/index.php\/wp-json\/wp\/v2\/pages\/10253\/revisions"}],"wp:attachment":[{"href":"https:\/\/notariusz-warszawski.pl\/index.php\/wp-json\/wp\/v2\/media?parent=10253"}],"curies":[{"name":"wp","href":"https:\/\/api.w.org\/{rel}","templated":true}]}}