{"id":6528,"date":"2018-08-02T11:45:02","date_gmt":"2018-08-02T11:45:02","guid":{"rendered":"http:\/\/labtechco.themestek.com\/?page_id=6528"},"modified":"2025-11-10T14:16:36","modified_gmt":"2025-11-10T13:16:36","slug":"homepage-3","status":"publish","type":"page","link":"https:\/\/notariusz-warszawski.pl\/","title":{"rendered":"HOME"},"content":{"rendered":"<p>[vc_row full_width=&#8221;stretch_row&#8221; css=&#8221;.vc_custom_1572429199473{padding-top: 70px !important;padding-bottom: 50px !important;}&#8221;][vc_column]<div class=\"themestek-element-heading-wrapper themestek-heading-inner themestek-element-align-left themestek-seperator-none \"><section class=\"themestek-vc_cta3-container\"><div class=\"themestek-vc_general themestek-vc_cta3 themestek-cta3-only themestek-vc_cta3-style-classic themestek-vc_cta3-shape-rounded themestek-vc_cta3-align-left themestek-vc_cta3-color-transparent themestek-vc_cta3-icon-size-md themestek-vc_cta3-actions-no themestek-cta3-without-desc\"><div class=\"themestek-vc_cta3_content-container\"><div class=\"themestek-vc_cta3-content\"><div class=\"themestek-vc_cta3-content-header themestek-wrap\"><div class=\"themestek-vc_cta3-headers themestek-wrap-cell\"><h2 class=\"themestek-custom-heading \" >Kancelaria Notarialna<\/h2>\n<\/div><\/div><\/div><\/div><\/div><\/section><\/div> <!-- .themestek-element-heading-wrapper container --> [vc_column_text]<strong>Witamy Pa\u0144stwa na stronie internetowej Kancelarii Notarialnej Notariusz Marty Chemperek i Notariusz Emilii Karwowskiej-Lelak.<\/strong><\/p>\n<p><strong>Kancelaria Notarialna<\/strong> zlokalizowana jest w \u015bcis\u0142ym centrum Dolnego Mokotowa w Warszawie, przy ulicy Idzikowskiego 16, wej\u015bcie znajduje si\u0119 na <strong>parterze<\/strong> bezpo\u015brednio od strony ulicy.<\/p>\n<p>Staranne przygotowanie do zawodu oraz kilkunastoletnie do\u015bwiadczenie\u00a0 zawodowe notariuszy gwarantuje Pa\u0144stwu <strong>profesjonalne podej\u015bcie do ka\u017cdej zleconej sprawy<\/strong>, wysoki standard obs\u0142ugi prawnej, rzetelne, sprawne, kompleksowe i co najwa\u017cniejsze indywidualne podej\u015bcie do ka\u017cdego Klienta Kancelarii.<\/p>\n<p>W ramach dzia\u0142alno\u015bci oferujemy pe\u0142n\u0105 obs\u0142ug\u0119 w zakresie\u00a0<b>wszystkich czynno\u015bci notarialnych,<\/b>\u00a0gwarantuj\u0105c Pa\u0144stwu\u00a0<b>profesjonalne podej\u015bcie do ka\u017cdej zleconej sprawy, jej sprawne i rzetelne wykonanie<\/b>.\u00a0 Zgodnie z ustaw\u0105 Prawo o notariacie udzielamy Klientom Kancelarii\u00a0niezb\u0119dnych wyja\u015bnie\u0144 dotycz\u0105cych dokonywanej czynno\u015bci notarialnej, kt\u00f3re maj\u0105 na celu zapewnienie stosowania prawa w spos\u00f3b odpowiadaj\u0105cy ich woli i intencjom. Upewniamy si\u0119, \u017ce nasi Klienci s\u0105 \u015bwiadomi i rozumiej\u0105 zar\u00f3wno skutki prawne, jak i faktyczne dokonywanych przez nich czynno\u015bci.<\/p>\n<p>W naszej Kancelarii Notarialnej <strong>wszystkie czynno\u015bci notarialne<\/strong> prowadzone s\u0105 z <strong>najwy\u017csz\u0105 staranno\u015bci\u0105<\/strong> i <strong>dba\u0142o\u015bci\u0105 o szczeg\u00f3\u0142y<\/strong>. Zesp\u00f3\u0142 tworz\u0105 osoby z wieloletnim do\u015bwiadczeniem prawniczym, dzi\u0119ki temu mo\u017cemy oferowa\u0107 Pa\u0144stwu <strong>us\u0142ugi notarialne najwy\u017cszej jako\u015bci<\/strong>.[\/vc_column_text][\/vc_column][\/vc_row][vc_row themestek_bgcolor=&#8221;grey&#8221; full_width=&#8221;stretch_row&#8221; css=&#8221;.vc_custom_1572431178083{padding-bottom: 100px !important;}&#8221;][vc_column][vc_row_inner themestek_bgcolor=&#8221;white&#8221; equal_height=&#8221;yes&#8221; gap=&#8221;0px&#8221; css=&#8221;.vc_custom_1572964131527{margin-right: 5px !important;margin-left: 5px !important;padding-top: 0px !important;}&#8221; el_class=&#8221;themestek-no-gutter themestek-box-seprator&#8221;][vc_column_inner themestek_textcolor=&#8221;white&#8221; el_class=&#8221;themestek-iconbox-active&#8221; width=&#8221;1\/2&#8243;]<div class=\"themestek-ihbox themestek-ihbox-style-3 themestek-ihbox-itype-icon justify-text-p \">\n\t<div class=\"themestek-sbox-bgimage-layer themestek-bgimage-layer\"><\/div>\n\t<div class=\"themestek-ihbox-wrapper-bg-layer themestek-bg-layer\"><\/div>\n\t<div class=\"themestek-ihbox-inner\">\n\t\t<div class=\"themestek-ihbox-icon  themestek-icon-skincolor\">\n\t\t\t<div class=\"themestek-ihbox-icon-wrapper\"><i class=\"themifyicon ti-alarm-clock\"><\/i><\/div>\t\t<\/div>\n\t\t<div class=\"themestek-ihbox-contents\">\n\t\t\t<div class=\"themestek-vc_general themestek-vc_cta3 themestek-cta3-only themestek-vc_cta3-style-classic themestek-vc_cta3-shape-rounded themestek-vc_cta3-align-left themestek-vc_cta3-color-transparent themestek-vc_cta3-icon-size-md themestek-vc_cta3-actions-no themestek-cta3-without-desc\"><div class=\"themestek-vc_cta3_content-container\"><div class=\"themestek-vc_cta3-content\"><div class=\"themestek-vc_cta3-content-header themestek-wrap\"><div class=\"themestek-vc_cta3-headers themestek-wrap-cell\"><h2 class=\"themestek-custom-heading \">D\u0142ugie godziny otwarcia<\/h2>\n<\/div><\/div><\/div><\/div><\/div>\t\t\t<div class=\"themestek-cta3-content-wrapper\">Kancelaria Notarialna <strong>czynna<\/strong> jest od poniedzia\u0142ku do pi\u0105tku w godzinach od <strong>9:00<\/strong> do <strong>18:00<\/strong>.<\/p>\n<p>Istnieje <strong>mo\u017cliwo\u015b\u0107 obs\u0142ugi klient\u00f3w<\/strong> r\u00f3wnie\u017c <strong>w dni wolne od pracy<\/strong>, po wcze\u015bniejszym ustaleniu telefonicznym.<\/div>\t\t\t\t\t<\/div><!-- .themestek-ihbox-contents -->\n\t<\/div>\n<\/div>\n[\/vc_column_inner][vc_column_inner width=&#8221;1\/2&#8243;]<div class=\"themestek-ihbox themestek-ihbox-style-3 themestek-ihbox-itype-icon justify-text-p vc_custom_1573034138890 \">\n\t<div class=\"themestek-sbox-bgimage-layer themestek-bgimage-layer\"><\/div>\n\t<div class=\"themestek-ihbox-wrapper-bg-layer themestek-bg-layer\"><\/div>\n\t<div class=\"themestek-ihbox-inner\">\n\t\t<div class=\"themestek-ihbox-icon  themestek-icon-skincolor\">\n\t\t\t<div class=\"themestek-ihbox-icon-wrapper\"><i class=\"themifyicon ti-car\"><\/i><\/div>\t\t<\/div>\n\t\t<div class=\"themestek-ihbox-contents\">\n\t\t\t<div class=\"themestek-vc_general themestek-vc_cta3 themestek-cta3-only themestek-vc_cta3-style-classic themestek-vc_cta3-shape-rounded themestek-vc_cta3-align-left themestek-vc_cta3-color-transparent themestek-vc_cta3-icon-size-md themestek-vc_cta3-actions-no themestek-cta3-without-desc\"><div class=\"themestek-vc_cta3_content-container\"><div class=\"themestek-vc_cta3-content\"><div class=\"themestek-vc_cta3-content-header themestek-wrap\"><div class=\"themestek-vc_cta3-headers themestek-wrap-cell\"><h2 class=\"themestek-custom-heading \">\u0141atwy dojazd<\/h2>\n<\/div><\/div><\/div><\/div><\/div>\t\t\t<div class=\"themestek-cta3-content-wrapper\">Lokalizacja Kancelarii zapewnia <strong>znakomity dojazd<\/strong> zar\u00f3wno od strony ulicy Pu\u0142awskiej, Czerniakowskiej, Sobieskiego, Sikorskiego, Idzikowskiego jak i Alei Witosa.<\/p>\n<p>Blisko\u015b\u0107 mostu Siekierkowskiego umo\u017cliwia <strong>dogodn\u0105 komunikacj\u0119<\/strong> pomi\u0119dzy <strong>lew\u0105 a\u00a0praw\u0105 stron\u0105 Wis\u0142y<\/strong>.<\/div>\t\t\t\t\t<\/div><!-- .themestek-ihbox-contents -->\n\t<\/div>\n<\/div>\n[\/vc_column_inner][\/vc_row_inner][vc_row_inner themestek_bgcolor=&#8221;white&#8221; equal_height=&#8221;yes&#8221; gap=&#8221;0px&#8221; css=&#8221;.vc_custom_1573034044245{margin-right: 5px !important;margin-left: 5px !important;padding-top: 0px !important;}&#8221; el_class=&#8221;themestek-no-gutter themestek-box-seprator&#8221;][vc_column_inner themestek_bgcolor=&#8221;white&#8221; width=&#8221;1\/2&#8243;]<div class=\"themestek-ihbox themestek-ihbox-style-3 themestek-ihbox-itype-icon justify-text-p \">\n\t<div class=\"themestek-sbox-bgimage-layer themestek-bgimage-layer\"><\/div>\n\t<div class=\"themestek-ihbox-wrapper-bg-layer themestek-bg-layer\"><\/div>\n\t<div class=\"themestek-ihbox-inner\">\n\t\t<div class=\"themestek-ihbox-icon  themestek-icon-skincolor\">\n\t\t\t<div class=\"themestek-ihbox-icon-wrapper\"><i class=\"themifyicon ti-map-alt\"><\/i><\/div>\t\t<\/div>\n\t\t<div class=\"themestek-ihbox-contents\">\n\t\t\t<div class=\"themestek-vc_general themestek-vc_cta3 themestek-cta3-only themestek-vc_cta3-style-classic themestek-vc_cta3-shape-rounded themestek-vc_cta3-align-left themestek-vc_cta3-color-transparent themestek-vc_cta3-icon-size-md themestek-vc_cta3-actions-no themestek-cta3-without-desc\"><div class=\"themestek-vc_cta3_content-container\"><div class=\"themestek-vc_cta3-content\"><div class=\"themestek-vc_cta3-content-header themestek-wrap\"><div class=\"themestek-vc_cta3-headers themestek-wrap-cell\"><h2 class=\"themestek-custom-heading \">Dedykowane miejsca parkingowe<\/h2>\n<\/div><\/div><\/div><\/div><\/div>\t\t\t<div class=\"themestek-cta3-content-wrapper\">Klienci Kancelarii mog\u0105 skorzysta\u0107 z dedykowanych, <strong>bezp\u0142atnych miejsc parkingowych<\/strong> znajduj\u0105cych si\u0119 bezpo\u015brednio przed budynkiem i wej\u015bciem do Kancelarii Notarialnej.<\/div>\t\t\t\t\t<\/div><!-- .themestek-ihbox-contents -->\n\t<\/div>\n<\/div>\n[\/vc_column_inner][vc_column_inner el_class=&#8221;themestek-iconbox-active&#8221; width=&#8221;1\/2&#8243;]<div class=\"themestek-ihbox themestek-ihbox-style-3 themestek-ihbox-itype-icon justify-text-p white-txt \">\n\t<div class=\"themestek-sbox-bgimage-layer themestek-bgimage-layer\"><\/div>\n\t<div class=\"themestek-ihbox-wrapper-bg-layer themestek-bg-layer\"><\/div>\n\t<div class=\"themestek-ihbox-inner\">\n\t\t<div class=\"themestek-ihbox-icon  themestek-icon-skincolor\">\n\t\t\t<div class=\"themestek-ihbox-icon-wrapper\"><i class=\"themifyicon ti-wheelchair\"><\/i><\/div>\t\t<\/div>\n\t\t<div class=\"themestek-ihbox-contents\">\n\t\t\t<div class=\"themestek-vc_general themestek-vc_cta3 themestek-cta3-only themestek-vc_cta3-style-classic themestek-vc_cta3-shape-rounded themestek-vc_cta3-align-left themestek-vc_cta3-color-transparent themestek-vc_cta3-icon-size-md themestek-vc_cta3-actions-no themestek-cta3-without-desc\"><div class=\"themestek-vc_cta3_content-container\"><div class=\"themestek-vc_cta3-content\"><div class=\"themestek-vc_cta3-content-header themestek-wrap\"><div class=\"themestek-vc_cta3-headers themestek-wrap-cell\"><h2 class=\"themestek-custom-heading \">Udogodnienia dla niepe\u0142nosprawnych<\/h2>\n<\/div><\/div><\/div><\/div><\/div>\t\t\t<div class=\"themestek-cta3-content-wrapper\">Kancelaria Notarialna przystosowana dla os\u00f3b niepe\u0142nosprawnych &#8211; <strong>umiejscowiona na parterze<\/strong>, brak schod\u00f3w i podjazd\u00f3w, szerokie drzwi.<\/p>\n<p>Przed budynkiem dost\u0119pne s\u0105 r\u00f3wnie\u017c <strong>miejsca parkingowe<\/strong> przeznaczone <strong>dla os\u00f3b niepe\u0142nosprawnych<\/strong>.<\/div>\t\t\t\t\t<\/div><!-- .themestek-ihbox-contents -->\n\t<\/div>\n<\/div>\n[\/vc_column_inner][\/vc_row_inner][vc_row_inner themestek_bgcolor=&#8221;white&#8221; equal_height=&#8221;yes&#8221; gap=&#8221;0px&#8221; css=&#8221;.vc_custom_1574441790198{margin-right: 5px !important;margin-left: 5px !important;padding-top: 0px !important;}&#8221; el_class=&#8221;themestek-no-gutter themestek-box-seprator&#8221;][vc_column_inner themestek_textcolor=&#8221;white&#8221; el_class=&#8221;themestek-iconbox-active&#8221; width=&#8221;1\/2&#8243;]<div class=\"themestek-ihbox themestek-ihbox-style-3 themestek-ihbox-itype-icon justify-text-p \">\n\t<div class=\"themestek-sbox-bgimage-layer themestek-bgimage-layer\"><\/div>\n\t<div class=\"themestek-ihbox-wrapper-bg-layer themestek-bg-layer\"><\/div>\n\t<div class=\"themestek-ihbox-inner\">\n\t\t<div class=\"themestek-ihbox-icon  themestek-icon-skincolor\">\n\t\t\t<div class=\"themestek-ihbox-icon-wrapper\"><i class=\"themifyicon ti-credit-card\"><\/i><\/div>\t\t<\/div>\n\t\t<div class=\"themestek-ihbox-contents\">\n\t\t\t<div class=\"themestek-vc_general themestek-vc_cta3 themestek-cta3-only themestek-vc_cta3-style-classic themestek-vc_cta3-shape-rounded themestek-vc_cta3-align-left themestek-vc_cta3-color-transparent themestek-vc_cta3-icon-size-md themestek-vc_cta3-actions-no themestek-cta3-without-desc\"><div class=\"themestek-vc_cta3_content-container\"><div class=\"themestek-vc_cta3-content\"><div class=\"themestek-vc_cta3-content-header themestek-wrap\"><div class=\"themestek-vc_cta3-headers themestek-wrap-cell\"><h2 class=\"themestek-custom-heading \">Wygodne p\u0142atno\u015bci i bezpiecze\u0144stwo transakcji<\/h2>\n<\/div><\/div><\/div><\/div><\/div>\t\t\t<div class=\"themestek-cta3-content-wrapper\">W naszej Kancelarii honorujemy p\u0142atno\u015bci <strong>kartami p\u0142atniczymi<\/strong> Visa <i class=\"fa fa-cc-visa\"><\/i> oraz Mastercard <i class=\"fa fa-cc-mastercard\"><\/i><\/p>\n<p>W trosce o bezpiecze\u0144stwo wykonywanych czynno\u015bci notarialnych <strong>budynek<\/strong>, w kt\u00f3rym znajduje si\u0119 Kancelaria <strong>obj\u0119ty jest ochron\u0105 24h\/7<\/strong>, monitoringiem zewn\u0119trznym i wewn\u0119trznym, a tak\u017ce elektroniczn\u0105 kontrol\u0105 dost\u0119pu do Kancelarii Notarialnej.<\/div>\t\t\t\t\t<\/div><!-- .themestek-ihbox-contents -->\n\t<\/div>\n<\/div>\n[\/vc_column_inner][vc_column_inner width=&#8221;1\/2&#8243;]<div class=\"themestek-ihbox themestek-ihbox-style-3 themestek-ihbox-itype-icon justify-text-p \">\n\t<div class=\"themestek-sbox-bgimage-layer themestek-bgimage-layer\"><\/div>\n\t<div class=\"themestek-ihbox-wrapper-bg-layer themestek-bg-layer\"><\/div>\n\t<div class=\"themestek-ihbox-inner\">\n\t\t<div class=\"themestek-ihbox-icon  themestek-icon-skincolor\">\n\t\t\t<div class=\"themestek-ihbox-icon-wrapper\"><i class=\"fa fa-coffee\"><\/i><\/div>\t\t<\/div>\n\t\t<div class=\"themestek-ihbox-contents\">\n\t\t\t<div class=\"themestek-vc_general themestek-vc_cta3 themestek-cta3-only themestek-vc_cta3-style-classic themestek-vc_cta3-shape-rounded themestek-vc_cta3-align-left themestek-vc_cta3-color-transparent themestek-vc_cta3-icon-size-md themestek-vc_cta3-actions-no themestek-cta3-without-desc\"><div class=\"themestek-vc_cta3_content-container\"><div class=\"themestek-vc_cta3-content\"><div class=\"themestek-vc_cta3-content-header themestek-wrap\"><div class=\"themestek-vc_cta3-headers themestek-wrap-cell\"><h2 class=\"themestek-custom-heading \">Dodatkowe udogodnienia<\/h2>\n<\/div><\/div><\/div><\/div><\/div>\t\t\t<div class=\"themestek-cta3-content-wrapper\">Nasi Klienci maj\u0105 do dyspozycji wydzielone miejsce oczekiwania przed i po dokonanej czynno\u015bci notarialnej, zar\u00f3wno w Kancelarii, jak i w wygodnej recepcji budynku.<\/p>\n<p>Klienci Kancelarii maj\u0105 r\u00f3wnie\u017c mo\u017cliwo\u015b\u0107 skorzystania z bezp\u0142atnej sieci <strong>Wi-Fi<\/strong>.<\/p>\n<p>Ca\u0142y lokal jest <strong>klimatyzowany<\/strong>.<\/p>\n<p>Klienci Kancelarii Notarialnej mog\u0105 liczy\u0107 na <strong>pyszn\u0105 kaw\u0119<\/strong>.<\/div>\t\t\t\t\t<\/div><!-- .themestek-ihbox-contents -->\n\t<\/div>\n<\/div>\n[\/vc_column_inner][\/vc_row_inner][\/vc_column][\/vc_row][vc_row full_width=&#8221;stretch_row&#8221; css=&#8221;.vc_custom_1576062585456{padding-top: 50px !important;padding-bottom: 50px !important;}&#8221;][vc_column][vc_row_inner themestek_bgcolor=&#8221;grey&#8221; gap=&#8221;0px&#8221; el_class=&#8221;themestek-box-effect&#8221; css=&#8221;.vc_custom_1576062595299{padding-top: 35px !important;padding-right: 30px !important;padding-bottom: 30px !important;padding-left: 30px !important;}&#8221;][vc_column_inner width=&#8221;2\/3&#8243;]<div class=\"themestek-ihbox themestek-ihbox-style-1 themestek-ihbox-itype-icon \">\n\t<div class=\"themestek-sbox-bgimage-layer themestek-bgimage-layer\"><\/div>\n\t<div class=\"themestek-ihbox-wrapper-bg-layer themestek-bg-layer\"><\/div>\n\t<div class=\"themestek-ihbox-inner\">\n\t\t<div class=\"ts-ihbox-heading-with-icon\">\n\t\t\t<div class=\"themestek-ihbox-icon \">\n\t\t\t\t<div class=\"themestek-ihbox-icon-wrapper\"><i class=\"themestek-attorco-business-icon themestek-attorco-business-icon-court\"><\/i><\/div>\t\t\t<\/div>\n\t\t\t<div class=\"themestek-ihbox-heading\">\n\t\t\t\t<div class=\"themestek-vc_general themestek-vc_cta3 themestek-cta3-only themestek-vc_cta3-style-classic themestek-vc_cta3-shape-rounded themestek-vc_cta3-align-left themestek-vc_cta3-color-transparent themestek-vc_cta3-icon-size-md themestek-vc_cta3-actions-no themestek-cta3-without-desc\"><div class=\"themestek-vc_cta3_content-container\"><div class=\"themestek-vc_cta3-content\"><div class=\"themestek-vc_cta3-content-header themestek-wrap\"><div class=\"themestek-vc_cta3-headers themestek-wrap-cell\"><h2 style=\"color:#313538\" class=\"themestek-custom-heading \">Kompleksowo, sprawnie i profesjonalnie<\/h2>\n<\/div><\/div><\/div><\/div><\/div>\t\t\t\t<div class=\"themestek-ihbox-contents\">\t\t\t\n\t\t\t\t\t<div class=\"themestek-cta3-content-wrapper\">Porozmawiaj z nami i um\u00f3w si\u0119\u00a0na spotkanie<\/div>\t\t\t\t\t\t\t\t\t<\/div>\n\t\t\t<\/div>\t\t\t\n\t\t<\/div>\n\t<\/div>\t\n<\/div>\n[\/vc_column_inner][vc_column_inner width=&#8221;1\/3&#8243;]\n\t\t<div class=\"themestek-vc_btn3-container  themestek-button-left-767 themestek-vc_btn3-right vc_custom_1574431189253\"><a class=\"themestek-vc_general themestek-vc_btn3 themestek-vc_btn3-size-md themestek-vc_btn3-shape-square themestek-vc_btn3-style-flat themestek-vc_btn3-weight-yes themestek-vc_btn3-icon-right themestek-vc_btn3-color-black\" href=\"http:\/\/notariusz-warszawski.pl\/index.php\/kontakt\/\" title=\"Kontakt\">Skontaktuj si\u0119 z nami <i class=\"themestek-vc_btn3-icon themifyicon ti-arrow-right\"><\/i><\/a><\/div>[\/vc_column_inner][\/vc_row_inner][\/vc_column][\/vc_row][vc_row full_width=&#8221;stretch_row_content_no_spaces&#8221; css=&#8221;.vc_custom_1577096311840{margin-bottom: 0px !important;padding-top: 0px !important;padding-bottom: 0px !important;}&#8221;][vc_column][vc_gmaps link=&#8221;#E-8_JTNDaWZyYW1lJTIwc3JjJTNEJTIyaHR0cHMlM0ElMkYlMkZ3d3cuZ29vZ2xlLmNvbSUyRm1hcHMlMkZlbWJlZCUzRnBiJTNEJTIxMW0xNCUyMTFtOCUyMTFtMyUyMTFkMzkxMzEuOTE1NDAzNzAwMTg2JTIxMmQyMS4wMTc2OTgzNzgyMDg1MTQlMjEzZDUyLjE5MzUxMjkyNTcxMTc5NCUyMTNtMiUyMTFpMTAyNCUyMTJpNzY4JTIxNGYxMy4xJTIxM20zJTIxMW0yJTIxMXMweDAlMjUzQTB4YmRhZDA5Y2YwMTRhNGQxYiUyMTJzTm90YXJpdXN6JTI1MjBXYXJzemF3YSUyNTIwLSUyNTIwTWFydGElMjUyMENoZW1wZXJlayUyNTJDJTI1MjBFbWlsaWElMjUyMEthcndvd3NrYS1MZWxhayUyMTVlMCUyMTNtMiUyMTFzcGwlMjEyc3BsJTIxNHYxNTcyMzc1MzczMDM3JTIxNW0yJTIxMXNwbCUyMTJzcGwlMjIlMjB3aWR0aCUzRCUyMjYwMCUyMiUyMGhlaWdodCUzRCUyMjQ1MCUyMiUyMGZyYW1lYm9yZGVyJTNEJTIyMCUyMiUyMHN0eWxlJTNEJTIyYm9yZGVyJTNBMCUzQiUyMiUyMGFsbG93ZnVsbHNjcmVlbiUzRCUyMiUyMiUzRSUzQyUyRmlmcmFtZSUzRQ==&#8221; size=&#8221;600px&#8221; css=&#8221;.vc_custom_1577096293060{margin-right: -5px !important;margin-bottom: 0px !important;margin-left: -5px !important;padding-bottom: 0px !important;}&#8221;][\/vc_column][\/vc_row]<\/p>\n","protected":false},"excerpt":{"rendered":"<p>[vc_row full_width=&#8221;stretch_row&#8221; css=&#8221;.vc_custom_1572429199473{padding-top: 70px !important;padding-bottom: 50px !important;}&#8221;][vc_column][vc_column_text]Witamy Pa\u0144stwa na stronie internetowej Kancelarii Notarialnej Notariusz Marty Chemperek i Notariusz Emilii Karwowskiej-Lelak. Kancelaria Notarialna zlokalizowana jest w \u015bcis\u0142ym centrum Dolnego Mokotowa w Warszawie, przy ulicy Idzikowskiego 16, wej\u015bcie znajduje si\u0119 na parterze bezpo\u015brednio od strony ulicy. Staranne przygotowanie do zawodu oraz kilkunastoletnie do\u015bwiadczenie\u00a0 zawodowe notariuszy gwarantuje Pa\u0144stwu &hellip; <a href=\"https:\/\/notariusz-warszawski.pl\/\" class=\"more-link\">Continue reading <span class=\"screen-reader-text\">HOME<\/span><\/a><\/p>\n","protected":false},"author":1,"featured_media":0,"parent":0,"menu_order":3,"comment_status":"closed","ping_status":"closed","template":"","meta":{"footnotes":""},"class_list":["post-6528","page","type-page","status-publish","hentry"],"_links":{"self":[{"href":"https:\/\/notariusz-warszawski.pl\/index.php\/wp-json\/wp\/v2\/pages\/6528","targetHints":{"allow":["GET"]}}],"collection":[{"href":"https:\/\/notariusz-warszawski.pl\/index.php\/wp-json\/wp\/v2\/pages"}],"about":[{"href":"https:\/\/notariusz-warszawski.pl\/index.php\/wp-json\/wp\/v2\/types\/page"}],"author":[{"embeddable":true,"href":"https:\/\/notariusz-warszawski.pl\/index.php\/wp-json\/wp\/v2\/users\/1"}],"replies":[{"embeddable":true,"href":"https:\/\/notariusz-warszawski.pl\/index.php\/wp-json\/wp\/v2\/comments?post=6528"}],"version-history":[{"count":0,"href":"https:\/\/notariusz-warszawski.pl\/index.php\/wp-json\/wp\/v2\/pages\/6528\/revisions"}],"wp:attachment":[{"href":"https:\/\/notariusz-warszawski.pl\/index.php\/wp-json\/wp\/v2\/media?parent=6528"}],"curies":[{"name":"wp","href":"https:\/\/api.w.org\/{rel}","templated":true}]}}