{"id":6602,"date":"2018-08-03T06:04:16","date_gmt":"2018-08-03T06:04:16","guid":{"rendered":"http:\/\/labtechco.themestek.com\/?page_id=6602"},"modified":"2025-11-10T14:17:02","modified_gmt":"2025-11-10T13:17:02","slug":"kontakt","status":"publish","type":"page","link":"https:\/\/notariusz-warszawski.pl\/index.php\/kontakt\/","title":{"rendered":"Kontakt"},"content":{"rendered":"<p>[vc_row equal_height=&#8221;yes&#8221; css=&#8221;.vc_custom_1576796234217{padding-top: 70px !important;padding-bottom: 50px !important;}&#8221;][vc_column width=&#8221;1\/2&#8243;]<div class=\"themestek-element-heading-wrapper themestek-heading-inner themestek-element-align-left themestek-seperator-solid \"><section class=\"themestek-vc_cta3-container\"><div class=\"themestek-vc_general themestek-vc_cta3 themestek-cta3-only themestek-vc_cta3-style-classic themestek-vc_cta3-shape-rounded themestek-vc_cta3-align-left themestek-vc_cta3-color-transparent themestek-vc_cta3-icon-size-md themestek-vc_cta3-actions-no themestek-cta3-without-desc\"><div class=\"themestek-vc_cta3_content-container\"><div class=\"themestek-vc_cta3-content\"><div class=\"themestek-vc_cta3-content-header themestek-wrap\"><div class=\"themestek-vc_cta3-headers themestek-wrap-cell\"><h2 class=\"themestek-custom-heading \" >Kancelaria Notarialna<\/h2>\n<\/div><\/div><\/div><\/div><\/div><\/section><\/div> <!-- .themestek-element-heading-wrapper container --> [vc_column_text el_class=&#8221;title-kancelaria&#8221;]<strong>Marta Chemperek Notariusz<br \/>\n<\/strong><strong>Emilia Karwowska-Lelak Notariusz<br \/>\nSp\u00f3\u0142ka Cywilna<\/strong><\/p>\n<p>NIP: 521 388 18 37<br \/>\nREGON: 384816592[\/vc_column_text][vc_column_text el_class=&#8221;contact-icons-bold-lineheight-30&#8243; css=&#8221;.vc_custom_1574450485816{margin-top: -17px !important;}&#8221;]<i class=\"themestek-attorco-icon-phone\"><\/i><a href=\"tel:+48 22 245 48 48\"> 22 245 48 48<\/a><br \/>\n<i class=\"themestek-attorco-icon-mobile\"><\/i><a href=\"tel:+48 888 888 434\"> 888 888 434<\/a><br \/>\n<i class=\"themestek-attorco-icon-mobile\"><\/i><a href=\"tel:+48 888 888 435\"> 888 888 435<\/a><\/p>\n<p><i class=\"themestek-contact-email themestek-attorco-icon-envelope\"><\/i><a href=\"mailto:biuro@notariusz-warszawski.pl\"> biuro@notariusz-warszawski.pl<\/a><br \/>\n<i class=\" themestek-attorco-icon-location-pin\"><\/i> ul. Idzikowskiego 16, Warszawa[\/vc_column_text][\/vc_column][vc_column width=&#8221;1\/2&#8243;][vc_single_image image=&#8221;12228&#8243; img_size=&#8221;full&#8221; alignment=&#8221;right&#8221; css=&#8221;.vc_custom_1576796217010{margin-top: -20px !important;}&#8221;][\/vc_column][\/vc_row][vc_row themestek_bgcolor=&#8221;grey&#8221; full_width=&#8221;stretch_row&#8221; css=&#8221;.vc_custom_1576796114432{padding-top: 70px !important;padding-bottom: 50px !important;}&#8221;][vc_column]<div class=\"themestek-element-heading-wrapper themestek-heading-inner themestek-element-align-left themestek-seperator-none \"><section class=\"themestek-vc_cta3-container\"><div class=\"themestek-vc_general themestek-vc_cta3 themestek-cta3-only themestek-vc_cta3-style-classic themestek-vc_cta3-shape-rounded themestek-vc_cta3-align-left themestek-vc_cta3-color-transparent themestek-vc_cta3-icon-size-md themestek-vc_cta3-actions-no themestek-cta3-without-desc\"><div class=\"themestek-vc_cta3_content-container\"><div class=\"themestek-vc_cta3-content\"><div class=\"themestek-vc_cta3-content-header themestek-wrap\"><div class=\"themestek-vc_cta3-headers themestek-wrap-cell\"><h2 class=\"themestek-custom-heading \" >Miejsce i godziny urz\u0119dowania kancelarii:<\/h2>\n<\/div><\/div><\/div><\/div><\/div><\/section><\/div> <!-- .themestek-element-heading-wrapper container --> <div class=\"themestek-ihbox themestek-ihbox-style-2 themestek-ihbox-itype-icon icon-size-contact flex-row-center \">\n\t<div class=\"themestek-sbox-bgimage-layer themestek-bgimage-layer\"><\/div>\n\t<div class=\"themestek-ihbox-wrapper-bg-layer themestek-bg-layer\"><\/div>\n\t<div class=\"themestek-ihbox-inner\">\n\t\t<div class=\"ts-ihbox-heading-with-icon\">\n\t\t\t<div class=\"themestek-ihbox-icon \">\n\t\t\t\t<div class=\"themestek-ihbox-icon-wrapper\"><i class=\"themestek-attorco-business-icon themestek-attorco-business-icon-legal\"><\/i><\/div>\t\t\t<\/div>\n\t\t\t<div class=\"themestek-ihbox-heading\">\n\t\t\t\t<div class=\"themestek-vc_general themestek-vc_cta3 themestek-cta3-only themestek-vc_cta3-style-classic themestek-vc_cta3-shape-rounded themestek-vc_cta3-align-left themestek-vc_cta3-color-transparent themestek-vc_cta3-icon-size-md themestek-vc_cta3-actions-no themestek-cta3-without-desc\"><div class=\"themestek-vc_cta3_content-container\"><div class=\"themestek-vc_cta3-content\"><div class=\"themestek-vc_cta3-content-header themestek-wrap\"><div class=\"themestek-vc_cta3-headers themestek-wrap-cell\"><\/div><\/div><\/div><\/div><\/div>\t\t\t\t<div class=\"themestek-ihbox-contents\">\t\t\t\n\t\t\t\t\t<div class=\"themestek-cta3-content-wrapper\">Wszystkie czynno\u015bci i us\u0142ugi notarialne \u015bwiadczymy w <strong> siedzibie swojej Kancelarii<\/strong>.<\/div>\t\t\t\t\t\t\t\t\t<\/div>\n\t\t\t<\/div>\t\t\t\n\t\t<\/div>\n\t<\/div>\t\n<\/div>\n<div class=\"themestek-ihbox themestek-ihbox-style-2 themestek-ihbox-itype-icon icon-size-contact flex-row-center \">\n\t<div class=\"themestek-sbox-bgimage-layer themestek-bgimage-layer\"><\/div>\n\t<div class=\"themestek-ihbox-wrapper-bg-layer themestek-bg-layer\"><\/div>\n\t<div class=\"themestek-ihbox-inner\">\n\t\t<div class=\"ts-ihbox-heading-with-icon\">\n\t\t\t<div class=\"themestek-ihbox-icon \">\n\t\t\t\t<div class=\"themestek-ihbox-icon-wrapper\"><i class=\"themifyicon ti-car\"><\/i><\/div>\t\t\t<\/div>\n\t\t\t<div class=\"themestek-ihbox-heading\">\n\t\t\t\t<div class=\"themestek-vc_general themestek-vc_cta3 themestek-cta3-only themestek-vc_cta3-style-classic themestek-vc_cta3-shape-rounded themestek-vc_cta3-align-left themestek-vc_cta3-color-transparent themestek-vc_cta3-icon-size-md themestek-vc_cta3-actions-no themestek-cta3-without-desc\"><div class=\"themestek-vc_cta3_content-container\"><div class=\"themestek-vc_cta3-content\"><div class=\"themestek-vc_cta3-content-header themestek-wrap\"><div class=\"themestek-vc_cta3-headers themestek-wrap-cell\"><\/div><\/div><\/div><\/div><\/div>\t\t\t\t<div class=\"themestek-ihbox-contents\">\t\t\t\n\t\t\t\t\t<div class=\"themestek-cta3-content-wrapper\">Je\u017celi przemawia za tym charakter czynno\u015bci lub szczeg\u00f3lne okoliczno\u015bci, mo\u017cliwe jest ich dokonywanie r\u00f3wnie\u017c <strong> poza siedzib\u0105 Kancelarii<\/strong>.<\/div>\t\t\t\t\t\t\t\t\t<\/div>\n\t\t\t<\/div>\t\t\t\n\t\t<\/div>\n\t<\/div>\t\n<\/div>\n<div class=\"themestek-ihbox themestek-ihbox-style-2 themestek-ihbox-itype-icon icon-size-contact flex-row-center \">\n\t<div class=\"themestek-sbox-bgimage-layer themestek-bgimage-layer\"><\/div>\n\t<div class=\"themestek-ihbox-wrapper-bg-layer themestek-bg-layer\"><\/div>\n\t<div class=\"themestek-ihbox-inner\">\n\t\t<div class=\"ts-ihbox-heading-with-icon\">\n\t\t\t<div class=\"themestek-ihbox-icon \">\n\t\t\t\t<div class=\"themestek-ihbox-icon-wrapper\"><i class=\"themifyicon ti-alarm-clock\"><\/i><\/div>\t\t\t<\/div>\n\t\t\t<div class=\"themestek-ihbox-heading\">\n\t\t\t\t<div class=\"themestek-vc_general themestek-vc_cta3 themestek-cta3-only themestek-vc_cta3-style-classic themestek-vc_cta3-shape-rounded themestek-vc_cta3-align-left themestek-vc_cta3-color-transparent themestek-vc_cta3-icon-size-md themestek-vc_cta3-actions-no themestek-cta3-without-desc\"><div class=\"themestek-vc_cta3_content-container\"><div class=\"themestek-vc_cta3-content\"><div class=\"themestek-vc_cta3-content-header themestek-wrap\"><div class=\"themestek-vc_cta3-headers themestek-wrap-cell\"><\/div><\/div><\/div><\/div><\/div>\t\t\t\t<div class=\"themestek-ihbox-contents\">\t\t\t\n\t\t\t\t\t<div class=\"themestek-cta3-content-wrapper\"><strong>Godziny otwarcia kancelarii: poniedzia\u0142ek &#8211; pi\u0105tek 9:00 &#8211; 18:00<\/strong><\/div>\t\t\t\t\t\t\t\t\t<\/div>\n\t\t\t<\/div>\t\t\t\n\t\t<\/div>\n\t<\/div>\t\n<\/div>\n<div class=\"themestek-ihbox themestek-ihbox-style-2 themestek-ihbox-itype-icon icon-size-contact flex-row-center justify-text-p \">\n\t<div class=\"themestek-sbox-bgimage-layer themestek-bgimage-layer\"><\/div>\n\t<div class=\"themestek-ihbox-wrapper-bg-layer themestek-bg-layer\"><\/div>\n\t<div class=\"themestek-ihbox-inner\">\n\t\t<div class=\"ts-ihbox-heading-with-icon\">\n\t\t\t<div class=\"themestek-ihbox-icon \">\n\t\t\t\t<div class=\"themestek-ihbox-icon-wrapper\"><i class=\"themifyicon ti-calendar\"><\/i><\/div>\t\t\t<\/div>\n\t\t\t<div class=\"themestek-ihbox-heading\">\n\t\t\t\t<div class=\"themestek-vc_general themestek-vc_cta3 themestek-cta3-only themestek-vc_cta3-style-classic themestek-vc_cta3-shape-rounded themestek-vc_cta3-align-left themestek-vc_cta3-color-transparent themestek-vc_cta3-icon-size-md themestek-vc_cta3-actions-no themestek-cta3-without-desc\"><div class=\"themestek-vc_cta3_content-container\"><div class=\"themestek-vc_cta3-content\"><div class=\"themestek-vc_cta3-content-header themestek-wrap\"><div class=\"themestek-vc_cta3-headers themestek-wrap-cell\"><\/div><\/div><\/div><\/div><\/div>\t\t\t\t<div class=\"themestek-ihbox-contents\">\t\t\t\n\t\t\t\t\t<div class=\"themestek-cta3-content-wrapper\">Po uprzednim uzgodnieniu, <strong>mo\u017cliwe jest dokonanie czynno\u015bci notarialnych w innych godzinach<\/strong>, ni\u017c standardowe godziny urz\u0119dowania Kancelarii lub, je\u015bli wymagaj\u0105 tego okoliczno\u015bci, <strong>w dni wolne od pracy<\/strong>.<\/div>\t\t\t\t\t\t\t\t\t<\/div>\n\t\t\t<\/div>\t\t\t\n\t\t<\/div>\n\t<\/div>\t\n<\/div>\n[\/vc_column][\/vc_row][vc_row css=&#8221;.vc_custom_1576796122553{padding-top: 70px !important;padding-bottom: 50px !important;}&#8221;][vc_column]<div class=\"themestek-element-heading-wrapper themestek-heading-inner themestek-element-align-left themestek-seperator-none \"><section class=\"themestek-vc_cta3-container\"><div class=\"themestek-vc_general themestek-vc_cta3 themestek-cta3-only themestek-vc_cta3-style-classic themestek-vc_cta3-shape-rounded themestek-vc_cta3-align-left themestek-vc_cta3-color-transparent themestek-vc_cta3-icon-size-md themestek-vc_cta3-actions-no themestek-cta3-without-desc\"><div class=\"themestek-vc_cta3_content-container\"><div class=\"themestek-vc_cta3-content\"><div class=\"themestek-vc_cta3-content-header themestek-wrap\"><div class=\"themestek-vc_cta3-headers themestek-wrap-cell\"><h2 class=\"themestek-custom-heading \" >Dojazd i parking<\/h2>\n<\/div><\/div><\/div><\/div><\/div><\/section><\/div> <!-- .themestek-element-heading-wrapper container --> <div class=\"themestek-ihbox themestek-ihbox-style-2 themestek-ihbox-itype-icon \">\n\t<div class=\"themestek-sbox-bgimage-layer themestek-bgimage-layer\"><\/div>\n\t<div class=\"themestek-ihbox-wrapper-bg-layer themestek-bg-layer\"><\/div>\n\t<div class=\"themestek-ihbox-inner\">\n\t\t<div class=\"ts-ihbox-heading-with-icon\">\n\t\t\t<div class=\"themestek-ihbox-icon \">\n\t\t\t\t<div class=\"themestek-ihbox-icon-wrapper\"><i class=\"fa fa-car\"><\/i><\/div>\t\t\t<\/div>\n\t\t\t<div class=\"themestek-ihbox-heading\">\n\t\t\t\t<div class=\"themestek-vc_general themestek-vc_cta3 themestek-cta3-only themestek-vc_cta3-style-classic themestek-vc_cta3-shape-rounded themestek-vc_cta3-align-left themestek-vc_cta3-color-transparent themestek-vc_cta3-icon-size-md themestek-vc_cta3-actions-no themestek-cta3-without-desc\"><div class=\"themestek-vc_cta3_content-container\"><div class=\"themestek-vc_cta3-content\"><div class=\"themestek-vc_cta3-content-header themestek-wrap\"><div class=\"themestek-vc_cta3-headers themestek-wrap-cell\"><\/div><\/div><\/div><\/div><\/div>\t\t\t\t<div class=\"themestek-ihbox-contents\">\t\t\t\n\t\t\t\t\t<div class=\"themestek-cta3-content-wrapper\">Bliskie s\u0105siedztwo kluczowych w\u0119z\u0142\u00f3w komunikacyjnych Warszawy, czyli Wis\u0142ostrady, ul. Sobieskiego, Trasy Siekierkowskiej i Dolinki S\u0142u\u017cewieckiej decyduje o wygodnym po\u0142o\u017ceniu komunikacyjnym Kancelarii oraz gwarantuje szybki dojazd z pobliskich dzielnic, tj. Mokot\u00f3w, Sadyba, Sielce, S\u0142u\u017cew, Ursyn\u00f3w, jak i pozsta\u0142ych rejon\u00f3w Warszawy: Centrum, \u015ar\u00f3dmie\u015bcie, Wilan\u00f3w, Ochota, Wola, Bemowo, W\u0142ochy, Ursus, \u017boliborz, Bielany, Bia\u0142o\u0142\u0119ka, Goc\u0142aw, Praga Po\u0142udnie, Praga P\u00f3\u0142noc, Weso\u0142a, Wawer, Rembert\u00f3w.<\/div>\t\t\t\t\t\t\t\t\t<\/div>\n\t\t\t<\/div>\t\t\t\n\t\t<\/div>\n\t<\/div>\t\n<\/div>\n<div class=\"themestek-ihbox themestek-ihbox-style-2 themestek-ihbox-itype-icon \">\n\t<div class=\"themestek-sbox-bgimage-layer themestek-bgimage-layer\"><\/div>\n\t<div class=\"themestek-ihbox-wrapper-bg-layer themestek-bg-layer\"><\/div>\n\t<div class=\"themestek-ihbox-inner\">\n\t\t<div class=\"ts-ihbox-heading-with-icon\">\n\t\t\t<div class=\"themestek-ihbox-icon \">\n\t\t\t\t<div class=\"themestek-ihbox-icon-wrapper\"><i class=\"fa fa-map-o\"><\/i><\/div>\t\t\t<\/div>\n\t\t\t<div class=\"themestek-ihbox-heading\">\n\t\t\t\t<div class=\"themestek-vc_general themestek-vc_cta3 themestek-cta3-only themestek-vc_cta3-style-classic themestek-vc_cta3-shape-rounded themestek-vc_cta3-align-left themestek-vc_cta3-color-transparent themestek-vc_cta3-icon-size-md themestek-vc_cta3-actions-no themestek-cta3-without-desc\"><div class=\"themestek-vc_cta3_content-container\"><div class=\"themestek-vc_cta3-content\"><div class=\"themestek-vc_cta3-content-header themestek-wrap\"><div class=\"themestek-vc_cta3-headers themestek-wrap-cell\"><\/div><\/div><\/div><\/div><\/div>\t\t\t\t<div class=\"themestek-ihbox-contents\">\t\t\t\n\t\t\t\t\t<div class=\"themestek-cta3-content-wrapper\">Bezp\u0142atne miejsca parkingowe znajduj\u0105ce si\u0119 bezpo\u015brednio przed budynkiem Kancelarii przeznaczone wy\u0142\u0105cznie dla interesant\u00f3w Kancelarii.<\/p>\n<p>Zaparkowa\u0107 mo\u017cna r\u00f3wnie\u017c na og\u00f3lnodost\u0119pnym parkingu przy ulicy Bernardy\u0144ska Woda lub przy ulicy Sobieskiego bezpo\u015brednio przy budynku Carolina Medical Center.<\/div>\t\t\t\t\t\t\t\t\t<\/div>\n\t\t\t<\/div>\t\t\t\n\t\t<\/div>\n\t<\/div>\t\n<\/div>\n<div class=\"themestek-ihbox themestek-ihbox-style-2 themestek-ihbox-itype-icon \">\n\t<div class=\"themestek-sbox-bgimage-layer themestek-bgimage-layer\"><\/div>\n\t<div class=\"themestek-ihbox-wrapper-bg-layer themestek-bg-layer\"><\/div>\n\t<div class=\"themestek-ihbox-inner\">\n\t\t<div class=\"ts-ihbox-heading-with-icon\">\n\t\t\t<div class=\"themestek-ihbox-icon \">\n\t\t\t\t<div class=\"themestek-ihbox-icon-wrapper\"><i class=\"fa fa-bus\"><\/i><\/div>\t\t\t<\/div>\n\t\t\t<div class=\"themestek-ihbox-heading\">\n\t\t\t\t<div class=\"themestek-vc_general themestek-vc_cta3 themestek-cta3-only themestek-vc_cta3-style-classic themestek-vc_cta3-shape-rounded themestek-vc_cta3-align-left themestek-vc_cta3-color-transparent themestek-vc_cta3-icon-size-md themestek-vc_cta3-actions-no themestek-cta3-without-desc\"><div class=\"themestek-vc_cta3_content-container\"><div class=\"themestek-vc_cta3-content\"><div class=\"themestek-vc_cta3-content-header themestek-wrap\"><div class=\"themestek-vc_cta3-headers themestek-wrap-cell\"><\/div><\/div><\/div><\/div><\/div>\t\t\t\t<div class=\"themestek-ihbox-contents\">\t\t\t\n\t\t\t\t\t<div class=\"themestek-cta3-content-wrapper\">Przy budynku znajduj\u0105 si\u0119 przystanki komunikacji miejskiej ZTM, gdzie kursuj\u0105 autobusy lini: E-2, 116, 166, 172, 195, 501, 503, 519 oraz 148 i 402.<\/p>\n<p>Po\u0142\u0105czenia mog\u0105 Pa\u0144stwo sprawdzi\u0107 na stronie internetowej <a href=\"https:\/\/warszawa.jakdojade.pl\">warszawa.jakdojade.pl<\/a><\/div>\t\t\t\t\t\t\t\t\t<\/div>\n\t\t\t<\/div>\t\t\t\n\t\t<\/div>\n\t<\/div>\t\n<\/div>\n[\/vc_column][\/vc_row][vc_row full_width=&#8221;stretch_row_content_no_spaces&#8221; equal_height=&#8221;yes&#8221; css=&#8221;.vc_custom_1572257292108{padding-top: 0px !important;padding-bottom: 0px !important;}&#8221;][vc_column themestek_col_bg_expand=&#8221;left&#8221; width=&#8221;1\/2&#8243;][vc_gmaps link=&#8221;#E-8_JTNDaWZyYW1lJTIwc3JjJTNEJTIyaHR0cHMlM0ElMkYlMkZ3d3cuZ29vZ2xlLmNvbSUyRm1hcHMlMkZlbWJlZCUzRnBiJTNEJTIxMW0xNCUyMTFtOCUyMTFtMyUyMTFkMzkxMzEuOTE1NDAzNzAwMTg2JTIxMmQyMS4wMTc2OTgzNzgyMDg1MTQlMjEzZDUyLjE5MzUxMjkyNTcxMTc5NCUyMTNtMiUyMTFpMTAyNCUyMTJpNzY4JTIxNGYxMy4xJTIxM20zJTIxMW0yJTIxMXMweDAlMjUzQTB4YmRhZDA5Y2YwMTRhNGQxYiUyMTJzTm90YXJpdXN6JTI1MjBXYXJzemF3YSUyNTIwLSUyNTIwTWFydGElMjUyMENoZW1wZXJlayUyNTJDJTI1MjBFbWlsaWElMjUyMEthcndvd3NrYS1MZWxhayUyMTVlMCUyMTNtMiUyMTFzcGwlMjEyc3BsJTIxNHYxNTcyMzc1MzczMDM3JTIxNW0yJTIxMXNwbCUyMTJzcGwlMjIlMjB3aWR0aCUzRCUyMjYwMCUyMiUyMGhlaWdodCUzRCUyMjQ1MCUyMiUyMGZyYW1lYm9yZGVyJTNEJTIyMCUyMiUyMHN0eWxlJTNEJTIyYm9yZGVyJTNBMCUzQiUyMiUyMGFsbG93ZnVsbHNjcmVlbiUzRCUyMiUyMiUzRSUzQyUyRmlmcmFtZSUzRQ==&#8221; size=&#8221;600&#8243;][\/vc_column][vc_column themestek_bgcolor=&#8221;grey&#8221; themestek_col_bg_expand=&#8221;right&#8221; width=&#8221;1\/2&#8243; css=&#8221;.vc_custom_1572257514432{padding-top: 60px !important;padding-right: 60px !important;padding-left: 60px !important;}&#8221; themestek_responsive_css=&#8221;33195356|colbreak_no|||||||||colbreak_no||||||30||30|colbreak_no|0||||60|25||25||colbreak_no|||||||||&#8221;]<div class=\"themestek-element-heading-wrapper themestek-heading-inner themestek-element-align-left themestek-seperator-none \"><section class=\"themestek-vc_cta3-container\"><div class=\"themestek-vc_general themestek-vc_cta3 themestek-cta3-only themestek-vc_cta3-style-classic themestek-vc_cta3-shape-rounded themestek-vc_cta3-align-left themestek-vc_cta3-color-transparent themestek-vc_cta3-icon-size-md themestek-vc_cta3-actions-no themestek-cta3-without-desc\"><div class=\"themestek-vc_cta3_content-container\"><div class=\"themestek-vc_cta3-content\"><div class=\"themestek-vc_cta3-content-header themestek-wrap\"><div class=\"themestek-vc_cta3-headers themestek-wrap-cell\"><h2 class=\"themestek-custom-heading \" >Formularz kontaktowy<\/h2>\n<\/div><\/div><\/div><\/div><\/div><\/section><\/div> <!-- .themestek-element-heading-wrapper container --> \n<div class=\"wpcf7 no-js\" id=\"wpcf7-f10414-o1\" lang=\"en-US\" dir=\"ltr\" data-wpcf7-id=\"10414\">\n<div class=\"screen-reader-response\"><p role=\"status\" aria-live=\"polite\" aria-atomic=\"true\"><\/p> <ul><\/ul><\/div>\n<form action=\"\/index.php\/wp-json\/wp\/v2\/pages\/6602#wpcf7-f10414-o1\" method=\"post\" class=\"wpcf7-form init\" aria-label=\"Contact form\" novalidate=\"novalidate\" data-status=\"init\">\n<fieldset class=\"hidden-fields-container\"><input type=\"hidden\" name=\"_wpcf7\" value=\"10414\" \/><input type=\"hidden\" name=\"_wpcf7_version\" value=\"6.1.3\" \/><input type=\"hidden\" name=\"_wpcf7_locale\" value=\"en_US\" \/><input type=\"hidden\" name=\"_wpcf7_unit_tag\" value=\"wpcf7-f10414-o1\" \/><input type=\"hidden\" name=\"_wpcf7_container_post\" value=\"0\" \/><input type=\"hidden\" name=\"_wpcf7_posted_data_hash\" value=\"\" \/><input type=\"hidden\" name=\"_wpcf7_recaptcha_response\" value=\"\" \/>\n<\/fieldset>\n<div class=\"main-form\">\n\t<div class=\"row\">\n\t\t<div class=\"col-md-6\">\n\t\t\t<div class=\"input-group\">\n\t\t\t\t<p><span class=\"wpcf7-form-control-wrap\" data-name=\"your-name\"><input size=\"40\" maxlength=\"400\" class=\"wpcf7-form-control wpcf7-text\" aria-invalid=\"false\" placeholder=\"Imi\u0119\" value=\"\" type=\"text\" name=\"your-name\" \/><\/span>\n\t\t\t\t<\/p>\n\t\t\t<\/div>\n\t\t<\/div>\n\t\t<div class=\"col-md-6\">\n\t\t\t<div class=\"input-group\">\n\t\t\t\t<p><span class=\"wpcf7-form-control-wrap\" data-name=\"your-email\"><input size=\"40\" maxlength=\"400\" class=\"wpcf7-form-control wpcf7-text\" aria-invalid=\"false\" placeholder=\"Email\" value=\"\" type=\"text\" name=\"your-email\" \/><\/span>\n\t\t\t\t<\/p>\n\t\t\t<\/div>\n\t\t<\/div>\n\t\t<div class=\"col-md-6\">\n\t\t\t<div class=\"input-group\">\n\t\t\t\t<p><span class=\"wpcf7-form-control-wrap\" data-name=\"phone\"><input size=\"40\" maxlength=\"400\" class=\"wpcf7-form-control wpcf7-text\" aria-invalid=\"false\" placeholder=\"Telefon\" value=\"\" type=\"text\" name=\"phone\" \/><\/span>\n\t\t\t\t<\/p>\n\t\t\t<\/div>\n\t\t<\/div>\n\t\t<div class=\"col-md-6\">\n\t\t\t<div class=\"input-group\">\n\t\t\t\t<p><span class=\"wpcf7-form-control-wrap\" data-name=\"temat\"><input size=\"40\" maxlength=\"400\" class=\"wpcf7-form-control wpcf7-text\" aria-invalid=\"false\" placeholder=\"Temat\" value=\"\" type=\"text\" name=\"temat\" \/><\/span>\n\t\t\t\t<\/p>\n\t\t\t<\/div>\n\t\t<\/div>\n\t\t<div class=\"col-md-12\">\n\t\t\t<div class=\"input-group input-button\">\n\t\t\t\t<p><span class=\"wpcf7-form-control-wrap\" data-name=\"message\"><textarea cols=\"40\" rows=\"4\" maxlength=\"2000\" class=\"wpcf7-form-control wpcf7-textarea\" aria-invalid=\"false\" placeholder=\"Wiadomo\u015b\u0107\" name=\"message\"><\/textarea><\/span>\n\t\t\t\t<\/p>\n\t\t\t<\/div>\n\t\t<\/div>\n\t\t<div class=\"col-md-6\">\n\t\t\t<div class=\"input-group input-button\">\n\t\t\t\t<p><input class=\"wpcf7-form-control wpcf7-submit has-spinner btn-block\" type=\"submit\" value=\"WY\u015aLIJ\" \/>\n\t\t\t\t<\/p>\n\t\t\t<\/div>\n\t\t<\/div>\n\t<\/div>\n<\/div><div class=\"wpcf7-response-output\" aria-hidden=\"true\"><\/div>\n<\/form>\n<\/div>\n[\/vc_column][\/vc_row][vc_row css=&#8221;.vc_custom_1574440562149{padding-bottom: 0px !important;}&#8221;][vc_column css=&#8221;.vc_custom_1572968764678{margin-top: -50px !important;margin-bottom: -50px !important;}&#8221;][vc_column_text el_class=&#8221;font-size-10px&#8221;]<\/p>\n<p style=\"text-align: center;\">Niniejsza strona nie stanowi reklamy, w szczeg\u00f3lno\u015bci reklamy osobistej, ani oferty w rozumieniu obowi\u0105zuj\u0105cych przepis\u00f3w prawa.<br \/>\nStrona ta nie jest tak\u017ce wyja\u015bnieniem dotycz\u0105cym dokonywanych czynno\u015bci notarialnych w rozumieniu art. 80 \u00a7 3 ustawy Prawo o notariacie.[\/vc_column_text][\/vc_column][\/vc_row]<\/p>\n","protected":false},"excerpt":{"rendered":"<p>[vc_row equal_height=&#8221;yes&#8221; css=&#8221;.vc_custom_1576796234217{padding-top: 70px !important;padding-bottom: 50px !important;}&#8221;][vc_column width=&#8221;1\/2&#8243;][vc_column_text el_class=&#8221;title-kancelaria&#8221;]Marta Chemperek Notariusz Emilia Karwowska-Lelak Notariusz Sp\u00f3\u0142ka Cywilna NIP: 521 388 18 37 REGON: 384816592[\/vc_column_text][vc_column_text el_class=&#8221;contact-icons-bold-lineheight-30&#8243; css=&#8221;.vc_custom_1574450485816{margin-top: -17px !important;}&#8221;] 22 245 48 48 888 888 434 888 888 435 biuro@notariusz-warszawski.pl ul. Idzikowskiego 16, Warszawa[\/vc_column_text][\/vc_column][vc_column width=&#8221;1\/2&#8243;][vc_single_image image=&#8221;12228&#8243; img_size=&#8221;full&#8221; alignment=&#8221;right&#8221; css=&#8221;.vc_custom_1576796217010{margin-top: -20px !important;}&#8221;][\/vc_column][\/vc_row][vc_row themestek_bgcolor=&#8221;grey&#8221; full_width=&#8221;stretch_row&#8221; css=&#8221;.vc_custom_1576796114432{padding-top: 70px !important;padding-bottom: 50px &hellip; <a href=\"https:\/\/notariusz-warszawski.pl\/index.php\/kontakt\/\" class=\"more-link\">Continue reading <span class=\"screen-reader-text\">Kontakt<\/span><\/a><\/p>\n","protected":false},"author":1,"featured_media":0,"parent":0,"menu_order":14,"comment_status":"closed","ping_status":"closed","template":"","meta":{"footnotes":""},"class_list":["post-6602","page","type-page","status-publish","hentry"],"_links":{"self":[{"href":"https:\/\/notariusz-warszawski.pl\/index.php\/wp-json\/wp\/v2\/pages\/6602","targetHints":{"allow":["GET"]}}],"collection":[{"href":"https:\/\/notariusz-warszawski.pl\/index.php\/wp-json\/wp\/v2\/pages"}],"about":[{"href":"https:\/\/notariusz-warszawski.pl\/index.php\/wp-json\/wp\/v2\/types\/page"}],"author":[{"embeddable":true,"href":"https:\/\/notariusz-warszawski.pl\/index.php\/wp-json\/wp\/v2\/users\/1"}],"replies":[{"embeddable":true,"href":"https:\/\/notariusz-warszawski.pl\/index.php\/wp-json\/wp\/v2\/comments?post=6602"}],"version-history":[{"count":0,"href":"https:\/\/notariusz-warszawski.pl\/index.php\/wp-json\/wp\/v2\/pages\/6602\/revisions"}],"wp:attachment":[{"href":"https:\/\/notariusz-warszawski.pl\/index.php\/wp-json\/wp\/v2\/media?parent=6602"}],"curies":[{"name":"wp","href":"https:\/\/api.w.org\/{rel}","templated":true}]}}