{"id":6669,"date":"2018-08-03T08:06:05","date_gmt":"2018-08-03T08:06:05","guid":{"rendered":"http:\/\/labtechco.themestek.com\/?page_id=6669"},"modified":"2019-12-24T01:04:40","modified_gmt":"2019-12-24T00:04:40","slug":"czynnosci","status":"publish","type":"page","link":"https:\/\/notariusz-warszawski.pl\/index.php\/czynnosci\/","title":{"rendered":"Czynno\u015bci Notarialne"},"content":{"rendered":"<p>[vc_row css=&#8221;.vc_custom_1576795505396{padding-top: 70px !important;padding-bottom: 50px !important;}&#8221;][vc_column]<div class=\"themestek-element-heading-wrapper themestek-heading-inner themestek-element-align-left themestek-seperator-none \"><section class=\"themestek-vc_cta3-container\"><div class=\"themestek-vc_general themestek-vc_cta3 themestek-cta3-only themestek-vc_cta3-style-classic themestek-vc_cta3-shape-rounded themestek-vc_cta3-align-left themestek-vc_cta3-color-transparent themestek-vc_cta3-icon-size-md themestek-vc_cta3-actions-no themestek-cta3-without-desc\"><div class=\"themestek-vc_cta3_content-container\"><div class=\"themestek-vc_cta3-content\"><div class=\"themestek-vc_cta3-content-header themestek-wrap\"><div class=\"themestek-vc_cta3-headers themestek-wrap-cell\"><h2 style=\"font-family:'Domine',Arial,Helvetica;font-weight:400;\" class=\"themestek-custom-heading \" >Czynno\u015bci Notarialne<\/h2>\n<\/div><\/div><\/div><\/div><\/div><\/section><\/div> <!-- .themestek-element-heading-wrapper container --> [vc_column_text el_class=&#8221;justify-text-p&#8221;]Zgodnie z ustaw\u0105 z dnia 14 lutego 1991 r. Prawo o notariacie notariusz jest powo\u0142any do dokonywania czynno\u015bci, kt\u00f3rym strony s\u0105 obowi\u0105zane lub pragn\u0105 nada\u0107 form\u0119 notarialn\u0105. Czynno\u015bci notarialne, dokonane przez notariusza zgodnie z prawem, maj\u0105 charakter dokumentu urz\u0119dowego.<\/p>\n<p>Czynno\u015bci notarialne dokonywane s\u0105 w j\u0119zyku polskim, za\u015b na \u017c\u0105danie strony notariusz mo\u017ce dokona\u0107 danej czynno\u015bci w j\u0119zyku obcym, korzystaj\u0105c z us\u0142ug t\u0142umacza przysi\u0119g\u0142ego.<\/p>\n<p>Notariusz dokonuje czynno\u015bci notarialnych w kancelarii notarialnej. W uzasadnionych przypadkach czynno\u015b\u0107 mo\u017ce by\u0107 dokonana tak\u017ce w innym miejscu, je\u017celi przemawia za tym charakter czynno\u015bci lub szczeg\u00f3lne okoliczno\u015bci, np. z\u0142y stan zdrowia klienta, kt\u00f3ry nie jest w stanie dojecha\u0107 do kancelarii.[\/vc_column_text][\/vc_column][\/vc_row][vc_row themestek_bgcolor=&#8221;grey&#8221; full_width=&#8221;stretch_row&#8221; content_placement=&#8221;middle&#8221; css=&#8221;.vc_custom_1576795535207{padding-top: 70px !important;padding-bottom: 50px !important;}&#8221;][vc_column]<div class=\"themestek-element-heading-wrapper themestek-heading-inner themestek-element-align-left themestek-seperator-none \"><section class=\"themestek-vc_cta3-container\"><div class=\"themestek-vc_general themestek-vc_cta3 themestek-cta3-only themestek-vc_cta3-style-classic themestek-vc_cta3-shape-rounded themestek-vc_cta3-align-left themestek-vc_cta3-color-transparent themestek-vc_cta3-icon-size-md themestek-vc_cta3-actions-no themestek-cta3-without-desc\"><div class=\"themestek-vc_cta3_content-container\"><div class=\"themestek-vc_cta3-content\"><div class=\"themestek-vc_cta3-content-header themestek-wrap\"><div class=\"themestek-vc_cta3-headers themestek-wrap-cell\"><h2 style=\"font-family:'Domine',Arial,Helvetica;font-weight:400;\" class=\"themestek-custom-heading \" >Do czynno\u015bci notarialnych dokonywanych przez notariusza nale\u017cy:<\/h2>\n<\/div><\/div><\/div><\/div><\/div><\/section><\/div> <!-- .themestek-element-heading-wrapper container --> [vc_column_text el_class=&#8221;justify-text-p line-height-30&#8243;]<\/p>\n<ul>\n<li>sporz\u0105dzanie akt\u00f3w notarialnych<\/li>\n<li>sporz\u0105dzanie akt\u00f3w po\u015bwiadczenia dziedziczenia<\/li>\n<li>podejmowanie czynno\u015bci dotycz\u0105cych europejskiego po\u015bwiadczenia spadkowego<\/li>\n<li>podejmowanie czynno\u015bci zwi\u0105zanych z zarz\u0105dem sukcesyjnym przedsi\u0119biorstwem osoby fizycznej<\/li>\n<li>sporz\u0105dzanie po\u015bwiadcze\u0144<\/li>\n<li>spisywanie protoko\u0142\u00f3w<\/li>\n<li>sporz\u0105dzanie protest\u00f3w weksli i czek\u00f3w<\/li>\n<li>przyjmowanie na przechowanie pieni\u0119dzy, papier\u00f3w warto\u015bciowych, dokument\u00f3w, danych na informatycznym no\u015bniku danych, o kt\u00f3rym mowa w przepisach\u00a0o informatyzacji dzia\u0142alno\u015bci podmiot\u00f3w realizuj\u0105cych zadania publiczne \u2013 tzw. depozyt notarialny<\/li>\n<li>sporz\u0105dzanie wypis\u00f3w, odpis\u00f3w i wyci\u0105g\u00f3w dokument\u00f3w<\/li>\n<li>sporz\u0105dzanie, na \u017c\u0105danie stron, projekt\u00f3w akt\u00f3w, o\u015bwiadcze\u0144 i innych dokument\u00f3w<\/li>\n<li>sk\u0142adanie wniosk\u00f3w o wpis w ksi\u0119dze wieczystej oraz przesy\u0142anie do s\u0105du wieczystoksi\u0119gowego dokument\u00f3w b\u0119d\u0105cych podstaw\u0105 wpisu<\/li>\n<li>sporz\u0105dzanie innych czynno\u015bci wynikaj\u0105cych z odr\u0119bnych przepis\u00f3w<\/li>\n<\/ul>\n<p>[\/vc_column_text][\/vc_column][\/vc_row][vc_row full_width=&#8221;stretch_row&#8221; css=&#8221;.vc_custom_1576795557902{padding-top: 70px !important;padding-bottom: 50px !important;background-position: center !important;background-repeat: no-repeat !important;background-size: cover !important;}&#8221; el_class=&#8221;justify-text-p&#8221;][vc_column]<div class=\"themestek-element-heading-wrapper themestek-heading-inner themestek-element-align-left themestek-seperator-none \"><section class=\"themestek-vc_cta3-container\"><div class=\"themestek-vc_general themestek-vc_cta3 themestek-cta3-only themestek-vc_cta3-style-classic themestek-vc_cta3-shape-rounded themestek-vc_cta3-align-left themestek-vc_cta3-color-transparent themestek-vc_cta3-icon-size-md themestek-vc_cta3-actions-no themestek-cta3-without-desc\"><div class=\"themestek-vc_cta3_content-container\"><div class=\"themestek-vc_cta3-content\"><div class=\"themestek-vc_cta3-content-header themestek-wrap\"><div class=\"themestek-vc_cta3-headers themestek-wrap-cell\"><h2 style=\"font-family:'Domine',Arial,Helvetica;font-weight:400;\" class=\"themestek-custom-heading \" >Nasze specjalizacje to:<\/h2>\n<\/div><\/div><\/div><\/div><\/div><\/section><\/div> <!-- .themestek-element-heading-wrapper container --> [vc_tta_tour el_class=&#8221;themestek-tourtab-style1 themestek-tourtab-style1-custom&#8221; css=&#8221;.vc_custom_1576070454256{margin-top: -3px !important;}&#8221;][vc_tta_section title=&#8221;<strong>OBR\u00d3T NIERUCHOMO\u015aCIAMI<\/strong>&#8221; tab_id=&#8221;1572427709371-9b171626-21f1&#8243; el_class=&#8221;font-dominee&#8221;]<h4 style=\"text-align:left;font-family:'Montserrat',Arial,Helvetica;font-weight:400;\" class=\"themestek-custom-heading \" >Obr\u00f3t nieruchomo\u015bciami<\/h4>\n[vc_column_text]<\/p>\n<ul>\n<li>umowa sprzeda\u017cy<\/li>\n<li>umowa darowizny<\/li>\n<li>umowa przedwst\u0119pna<\/li>\n<li>umowa zamiany<\/li>\n<li>umowa zniesienia wsp\u00f3\u0142w\u0142asno\u015bci nieruchomo\u015bci<\/li>\n<li>umowa o do\u017cywocie<\/li>\n<li>umowa ustanowienia odr\u0119bnej w\u0142asno\u015bci lokalu<\/li>\n<li>umowa deweloperska<\/li>\n<li>umowa warunkowa i przenosz\u0105ca w\u0142asno\u015b\u0107 nieruchomo\u015bci<\/li>\n<li>ustanowienie hipoteki<\/li>\n<li>ustanowienie s\u0142u\u017cebno\u015bci<\/li>\n<li>umowa przeniesienia w\u0142asno\u015bci w trybie ustawy z dnia 15 grudnia 2000 roku o sp\u00f3\u0142dzielniach mieszkaniowych (przekszta\u0142cenie sp\u00f3\u0142dzielczego w\u0142asno\u015bciowego lub lokatorskiego prawa do lokalu)<\/li>\n<li>umowa ustanowienia odr\u0119bnej w\u0142asno\u015bci lokalu i przeniesienia prawa na rzecz cz\u0142onka sp\u00f3\u0142dzielni<\/li>\n<\/ul>\n<p>[\/vc_column_text][\/vc_tta_section][vc_tta_section title=&#8221;<strong>OBS\u0141UGA FIRM<\/strong>&#8221; tab_id=&#8221;1572427709397-1da72736-45d3&#8243; el_class=&#8221;font-domine&#8221;]<h4 style=\"text-align:left;font-family:'Montserrat',Arial,Helvetica;font-weight:400;\" class=\"themestek-custom-heading \" >Obs\u0142uga firm<\/h4>\n[vc_column_text]<\/p>\n<ul>\n<li>umowa sp\u00f3\u0142ki jawnej, partnerskiej, komandytowej, z ograniczon\u0105 odpowiedzialno\u015bci\u0105<\/li>\n<li>statut sp\u00f3\u0142ki komandytowo-akcyjnej, sp\u00f3\u0142ki akcyjnej<\/li>\n<li>zmiana umowy sp\u00f3\u0142ki lub statutu<\/li>\n<li>protok\u00f3\u0142 ze zgromadzenia wsp\u00f3lnik\u00f3w sp\u00f3\u0142ki jawnej, partnerskiej, komandytowej, z ograniczon\u0105 odpowiedzialno\u015bci\u0105<\/li>\n<li>protok\u00f3\u0142 z walnego zgromadzenia sp\u00f3\u0142ki komandytowo-akcyjnej, sp\u00f3\u0142ki akcyjnej<\/li>\n<li>o\u015bwiadczenie wsp\u00f3lnika o obj\u0119ciu udzia\u0142\u00f3w lub akcji<\/li>\n<li>umowy sprzeda\u017cy udzia\u0142\u00f3w w sp\u00f3\u0142ce z ograniczon\u0105 odpowiedzialno\u015bci\u0105<\/li>\n<li>umowy zbycia og\u00f3\u0142u praw i obowi\u0105zk\u00f3w w sp\u00f3\u0142kach osobowych<\/li>\n<li>umowy wniesienia aport\u00f3w<\/li>\n<li>po\u0142\u0105czenie, podzia\u0142 i przekszta\u0142cenie sp\u00f3\u0142ek<\/li>\n<li>umowa sprzeda\u017cy przedsi\u0119biorstwa<\/li>\n<li>pe\u0142nomocnictwo i prokura<\/li>\n<li>likwidacja sp\u00f3\u0142ek<\/li>\n<\/ul>\n<p>[\/vc_column_text][\/vc_tta_section][vc_tta_section title=&#8221;<strong>PRAWO SPADKOWE<\/strong>&#8221; tab_id=&#8221;1572428336973-16d19793-17a0&#8243;]<h4 style=\"text-align:left;font-family:'Montserrat',Arial,Helvetica;font-weight:400;\" class=\"themestek-custom-heading \" >Prawo spadkowe<\/h4>\n[vc_column_text]<\/p>\n<ul>\n<li>testament, w tym testament zawieraj\u0105cy zapis zwyk\u0142y, zapis windykacyjny, polecenie, wydziedziczenie, odwo\u0142anie testamentu<\/li>\n<li>rejestracja testamentu w og\u00f3lnopolskim Notarialnym Rejestrze Testament\u00f3w (NORT)<\/li>\n<li>poszukiwanie testamentu w og\u00f3lnopolskim Notarialnym Rejestrze Testament\u00f3w (NORT)<\/li>\n<li>umowa o zrzeczeniu si\u0119 dziedziczenia<\/li>\n<li>o\u015bwiadczenie o przyj\u0119ciu lub odrzuceniu spadku<\/li>\n<li>akt po\u015bwiadczenia dziedziczenia (stwierdzenie praw do spadku)<\/li>\n<li>spis inwentarza<\/li>\n<li>umowa o dzia\u0142 spadku<\/li>\n<li>umowa zbycia spadku<\/li>\n<\/ul>\n<p>[\/vc_column_text][\/vc_tta_section][vc_tta_section title=&#8221;<strong>PRAWO RODZINNE<\/strong>&#8221; tab_id=&#8221;1572428366909-43919fba-fe7d&#8221;]<h4 style=\"text-align:left;font-family:'Montserrat',Arial,Helvetica;font-weight:400;\" class=\"themestek-custom-heading \" >Prawo rodzinne<\/h4>\n[vc_column_text]<\/p>\n<ul>\n<li>umowa maj\u0105tkowa ma\u0142\u017ce\u0144ska (rozdzielno\u015b\u0107 maj\u0105tkowa, rozdzielno\u015b\u0107 maj\u0105tkowa z wyr\u00f3wnaniem dorobk\u00f3w, umowa rozszerzaj\u0105ca wsp\u00f3lno\u015b\u0107, umowa ograniczaj\u0105ca wsp\u00f3lno\u015b\u0107)<\/li>\n<li>umowa o podzia\u0142 maj\u0105tku wsp\u00f3lnego<\/li>\n<li>umowa alimentacyjna<\/li>\n<\/ul>\n<p>[\/vc_column_text][\/vc_tta_section][vc_tta_section title=&#8221;<strong>INNE AKTY NOTARIALNE<\/strong>&#8221; tab_id=&#8221;1572428384255-b17d0c0d-e792&#8243;]<h4 style=\"text-align:left;font-family:'Montserrat',Arial,Helvetica;font-weight:400;\" class=\"themestek-custom-heading \" >Inne akty notarialne<\/h4>\n[vc_column_text]<\/p>\n<ul>\n<li>o\u015bwiadczenia o poddaniu si\u0119 egzekucji w trybie art. 777 \u00a7 1. pkt 4, 5 i 6 KPC<\/li>\n<li>pe\u0142nomocnictwo<\/li>\n<li>o\u015bwiadczenie o ustanowieniu fundacji<\/li>\n<li>umowa u\u017cyczenia<\/li>\n<li>protok\u00f3\u0142 z przyj\u0119cia depozytu notarialnego (pieni\u0105dze, dokumenty)<\/li>\n<li>protok\u00f3\u0142 z otwarcia strony internetowej, z tre\u015bci smsa<\/li>\n<li>protok\u00f3\u0142 niestawiennictwa<\/li>\n<\/ul>\n<p>[\/vc_column_text][\/vc_tta_section][vc_tta_section title=&#8221;<strong>PO\u015aWIADCZENIA<\/strong>&#8221; tab_id=&#8221;1572428409823-5b0ac907-2e4b&#8221;]<h4 style=\"text-align:left;font-family:'Montserrat',Arial,Helvetica;font-weight:400;\" class=\"themestek-custom-heading \" >Po\u015bwiadczenia<\/h4>\n[vc_column_text]<\/p>\n<ul>\n<li>pos\u0301wiadczenie w\u0142asnore\u0328cznos\u0301ci podpisu na dokumencie<\/li>\n<li>pos\u0301wiadczenie zgodnos\u0301ci odpisu z okazanym dokumentem<\/li>\n<li>pos\u0301wiadczenie czasu okazania dokumentu (daty pewnej)<\/li>\n<li>pos\u0301wiadczenie pozostawania przy z\u0307yciu<\/li>\n<\/ul>\n<p>[\/vc_column_text][\/vc_tta_section][\/vc_tta_tour][\/vc_column][\/vc_row][vc_row themestek_bgcolor=&#8221;skincolor&#8221; full_width=&#8221;stretch_row&#8221; css=&#8221;.vc_custom_1576795567978{padding-top: 70px !important;padding-bottom: 50px !important;}&#8221;][vc_column]<div class=\"themestek-element-heading-wrapper themestek-heading-inner themestek-element-align-left themestek-seperator-none \"><section class=\"themestek-vc_cta3-container\"><div class=\"themestek-vc_general themestek-vc_cta3 themestek-cta3-only themestek-vc_cta3-style-classic themestek-vc_cta3-shape-rounded themestek-vc_cta3-align-left themestek-vc_cta3-color-transparent themestek-vc_cta3-icon-size-md themestek-vc_cta3-actions-no themestek-cta3-without-desc\"><div class=\"themestek-vc_cta3_content-container\"><div class=\"themestek-vc_cta3-content\"><div class=\"themestek-vc_cta3-content-header themestek-wrap\"><div class=\"themestek-vc_cta3-headers themestek-wrap-cell\"><h2 style=\"font-family:'Domine',Arial,Helvetica;font-weight:400;\" class=\"themestek-custom-heading \" >Czynno\u015bci od r\u0119ki<\/h2>\n<\/div><\/div><\/div><\/div><\/div><\/section><\/div> <!-- .themestek-element-heading-wrapper container --> [vc_column_text]Czynno\u015bci notarialne polegaj\u0105ce na po\u015bwiadczaniu zgodno\u015bci kopii z okazanym orygina\u0142em, po\u015bwiadczenia daty okazania dokumentu oraz po\u015bwiadczenia w\u0142asnor\u0119czno\u015bci podpis\u00f3w dokonywane s\u0105 \u201eod r\u0119ki\u201d\/bez kolejki.[\/vc_column_text][\/vc_column][\/vc_row][vc_row css=&#8221;.vc_custom_1576795576612{padding-top: 70px !important;padding-bottom: 50px !important;}&#8221;][vc_column]<div class=\"themestek-element-heading-wrapper themestek-heading-inner themestek-element-align-left themestek-seperator-none \"><section class=\"themestek-vc_cta3-container\"><div class=\"themestek-vc_general themestek-vc_cta3 themestek-cta3-only themestek-vc_cta3-style-classic themestek-vc_cta3-shape-rounded themestek-vc_cta3-align-left themestek-vc_cta3-color-transparent themestek-vc_cta3-icon-size-md themestek-vc_cta3-actions-no themestek-cta3-without-desc\"><div class=\"themestek-vc_cta3_content-container\"><div class=\"themestek-vc_cta3-content\"><div class=\"themestek-vc_cta3-content-header themestek-wrap\"><div class=\"themestek-vc_cta3-headers themestek-wrap-cell\"><h2 style=\"font-family:'Domine',Arial,Helvetica;font-weight:400;\" class=\"themestek-custom-heading \" >Obowi\u0105zki notariusza:<\/h2>\n<\/div><\/div><\/div><\/div><\/div><\/section><\/div> <!-- .themestek-element-heading-wrapper container --> [vc_column_text el_class=&#8221;justify-text-p line-height-30&#8243;]<\/p>\n<ul>\n<li>Przy dokonywaniu czynno\u015bci notarialnych notariusz jest obowi\u0105zany czuwa\u0107 nad nale\u017cytym zabezpieczeniem praw i s\u0142usznych interes\u00f3w stron oraz innych os\u00f3b, dla kt\u00f3rych czynno\u015b\u0107 ta mo\u017ce powodowa\u0107 skutki prawne.<\/li>\n<li>Notariusz jest obowi\u0105zany udziela\u0107 stronom niezb\u0119dnych wyja\u015bnie\u0144 dotycz\u0105cych dokonywanej czynno\u015bci notarialnej.<\/li>\n<li>Akty i dokumenty powinny by\u0107 sporz\u0105dzone w spos\u00f3b zrozumia\u0142y i przejrzysty.<\/li>\n<li>Notariusz odm\u00f3wi dokonania czynno\u015bci notarialnej sprzecznej z prawem.<\/li>\n<li>Notariusz jest obowi\u0105zany zachowa\u0107 w tajemnicy okoliczno\u015bci sprawy, o kt\u00f3rych powzi\u0105\u0142 wiadomo\u015b\u0107 ze wzgl\u0119du na wykonywane czynno\u015bci notarialne.<strong>\u00a0<\/strong><\/li>\n<\/ul>\n<p>[\/vc_column_text][\/vc_column][\/vc_row]<\/p>\n","protected":false},"excerpt":{"rendered":"<p>[vc_row css=&#8221;.vc_custom_1576795505396{padding-top: 70px !important;padding-bottom: 50px !important;}&#8221;][vc_column][vc_column_text el_class=&#8221;justify-text-p&#8221;]Zgodnie z ustaw\u0105 z dnia 14 lutego 1991 r. Prawo o notariacie notariusz jest powo\u0142any do dokonywania czynno\u015bci, kt\u00f3rym strony s\u0105 obowi\u0105zane lub pragn\u0105 nada\u0107 form\u0119 notarialn\u0105. Czynno\u015bci notarialne, dokonane przez notariusza zgodnie z prawem, maj\u0105 charakter dokumentu urz\u0119dowego. Czynno\u015bci notarialne dokonywane s\u0105 w j\u0119zyku polskim, za\u015b na \u017c\u0105danie &hellip; <a href=\"https:\/\/notariusz-warszawski.pl\/index.php\/czynnosci\/\" class=\"more-link\">Continue reading <span class=\"screen-reader-text\">Czynno\u015bci Notarialne<\/span><\/a><\/p>\n","protected":false},"author":1,"featured_media":0,"parent":0,"menu_order":4,"comment_status":"closed","ping_status":"closed","template":"","meta":{"footnotes":""},"class_list":["post-6669","page","type-page","status-publish","hentry"],"_links":{"self":[{"href":"https:\/\/notariusz-warszawski.pl\/index.php\/wp-json\/wp\/v2\/pages\/6669","targetHints":{"allow":["GET"]}}],"collection":[{"href":"https:\/\/notariusz-warszawski.pl\/index.php\/wp-json\/wp\/v2\/pages"}],"about":[{"href":"https:\/\/notariusz-warszawski.pl\/index.php\/wp-json\/wp\/v2\/types\/page"}],"author":[{"embeddable":true,"href":"https:\/\/notariusz-warszawski.pl\/index.php\/wp-json\/wp\/v2\/users\/1"}],"replies":[{"embeddable":true,"href":"https:\/\/notariusz-warszawski.pl\/index.php\/wp-json\/wp\/v2\/comments?post=6669"}],"version-history":[{"count":0,"href":"https:\/\/notariusz-warszawski.pl\/index.php\/wp-json\/wp\/v2\/pages\/6669\/revisions"}],"wp:attachment":[{"href":"https:\/\/notariusz-warszawski.pl\/index.php\/wp-json\/wp\/v2\/media?parent=6669"}],"curies":[{"name":"wp","href":"https:\/\/api.w.org\/{rel}","templated":true}]}}